{"id":10061,"date":"2021-12-11T18:50:28","date_gmt":"2021-12-11T21:50:28","guid":{"rendered":"https:\/\/andrefrancois.com.br\/?page_id=10061"},"modified":"2024-07-01T16:51:55","modified_gmt":"2024-07-01T19:51:55","slug":"biografia","status":"publish","type":"page","link":"https:\/\/andrefrancois.com.br\/en\/biografia\/","title":{"rendered":"BIOGRAPHY"},"content":{"rendered":"[vc_row type=&#8221;in_container&#8221; full_screen_row_position=&#8221;middle&#8221; column_margin=&#8221;default&#8221; column_direction=&#8221;default&#8221; column_direction_tablet=&#8221;default&#8221; column_direction_phone=&#8221;default&#8221; scene_position=&#8221;center&#8221; text_color=&#8221;dark&#8221; text_align=&#8221;left&#8221; row_border_radius=&#8221;none&#8221; row_border_radius_applies=&#8221;bg&#8221; overflow=&#8221;visible&#8221; overlay_strength=&#8221;0.3&#8243; gradient_direction=&#8221;left_to_right&#8221; shape_divider_position=&#8221;bottom&#8221; bg_image_animation=&#8221;none&#8221;][vc_column column_padding=&#8221;no-extra-padding&#8221; column_padding_tablet=&#8221;inherit&#8221; column_padding_phone=&#8221;inherit&#8221; column_padding_position=&#8221;all&#8221; column_element_spacing=&#8221;default&#8221; background_color_opacity=&#8221;1&#8243; background_hover_color_opacity=&#8221;1&#8243; column_shadow=&#8221;none&#8221; column_border_radius=&#8221;none&#8221; column_link_target=&#8221;_self&#8221; column_position=&#8221;default&#8221; gradient_direction=&#8221;left_to_right&#8221; overlay_strength=&#8221;0.3&#8243; width=&#8221;5\/6&#8243; tablet_width_inherit=&#8221;default&#8221; tablet_text_alignment=&#8221;default&#8221; phone_text_alignment=&#8221;default&#8221; animation_type=&#8221;default&#8221; bg_image_animation=&#8221;none&#8221; border_type=&#8221;simple&#8221; column_border_width=&#8221;none&#8221; column_border_style=&#8221;solid&#8221;][vc_column_text]\n<h4 class=\"p1\" style=\"text-align: center;\"><span class=\"s1\"><b><img decoding=\"async\" class=\" wp-image-10477 alignleft\" src=\"https:\/\/andrefrancois.com.br\/wp-content\/uploads\/2021\/12\/cropped-ANDRE-FRANCOIS-2-300x300.png\" alt=\"\" width=\"266\" height=\"266\" srcset=\"https:\/\/andrefrancois.com.br\/wp-content\/uploads\/2021\/12\/cropped-ANDRE-FRANCOIS-2-300x300.png 300w, https:\/\/andrefrancois.com.br\/wp-content\/uploads\/2021\/12\/cropped-ANDRE-FRANCOIS-2-150x150.png 150w, https:\/\/andrefrancois.com.br\/wp-content\/uploads\/2021\/12\/cropped-ANDRE-FRANCOIS-2-100x100.png 100w, https:\/\/andrefrancois.com.br\/wp-content\/uploads\/2021\/12\/cropped-ANDRE-FRANCOIS-2-140x140.png 140w, https:\/\/andrefrancois.com.br\/wp-content\/uploads\/2021\/12\/cropped-ANDRE-FRANCOIS-2-500x500.png 500w, https:\/\/andrefrancois.com.br\/wp-content\/uploads\/2021\/12\/cropped-ANDRE-FRANCOIS-2-350x350.png 350w, https:\/\/andrefrancois.com.br\/wp-content\/uploads\/2021\/12\/cropped-ANDRE-FRANCOIS-2-270x270.png 270w, https:\/\/andrefrancois.com.br\/wp-content\/uploads\/2021\/12\/cropped-ANDRE-FRANCOIS-2-192x192.png 192w, https:\/\/andrefrancois.com.br\/wp-content\/uploads\/2021\/12\/cropped-ANDRE-FRANCOIS-2-180x180.png 180w, https:\/\/andrefrancois.com.br\/wp-content\/uploads\/2021\/12\/cropped-ANDRE-FRANCOIS-2-32x32.png 32w, https:\/\/andrefrancois.com.br\/wp-content\/uploads\/2021\/12\/cropped-ANDRE-FRANCOIS-2.png 512w\" sizes=\"(max-width: 266px) 100vw, 266px\" \/><\/b><\/span><\/h4>\n<h1>ABOUT THE PHOTOGRAPHER<\/h1>\n<p>He discovered his passion for photography as a teenager. He traveled the world portraying the problems of society and the customs of the most different peoples. In 1992, he published his first photographic documentary, focused on quarries workers in S\u00e3o Thom\u00e9 das Letras, a city in the south of Minas Gerais. Among the myths and legends of the region, Andr\u00e9 also found poverty, joy and welcome.<\/p>\n<p>During the work, the photographer captivated the children, who delighted with the camera, followed him everywhere. To take advantage of the engagement of his little \u201chelpers\u201d, Andr\u00e9 set up cameras with paint cans (pinhole technique) for them. The result of these images was surprising.<\/p>\n<p>The work opened his horizons and inspired him to create educational initiatives in which photography works as an agent of transformation. A seed was then planted that would become ImageMagica, founded in 1995, which has since been tasked with promoting human development through photography.<\/p>\n<p>In 2003, Andr\u00e9 had his career recognized by the III Latin American Conference on Health Promotion and, three years later, he was a finalist for the Schwab Foundation Social Entrepreneur award.<\/p>\n<p>Confident of the importance that \u201cperceiving the world in which you live is the first step to changing it\u201d, Andr\u00e9 has been building since 2005 a comprehensive repertoire of images on health, publishing books that portray his experiences in the health and humanization universes of the world. caring, among them Cuidar \u2013 A Documentary on Humanized Medicine in Brazil (2006), A Curva e O Caminho \u2013 Acesso \u00c0 Sa\u00fade no Brasil (2008) e Expedicion\u00e1rios da Sa\u00fade (2013).<\/p>\n<p>In this way, Andr\u00e9 goes on his way building new bridges, creating new connections and stories that need to be told and recorded.[\/vc_column_text][\/vc_column][vc_column column_padding=&#8221;no-extra-padding&#8221; column_padding_tablet=&#8221;inherit&#8221; column_padding_phone=&#8221;inherit&#8221; column_padding_position=&#8221;all&#8221; column_element_spacing=&#8221;default&#8221; background_color_opacity=&#8221;1&#8243; background_hover_color_opacity=&#8221;1&#8243; column_shadow=&#8221;none&#8221; column_border_radius=&#8221;none&#8221; column_link_target=&#8221;_self&#8221; column_position=&#8221;default&#8221; gradient_direction=&#8221;left_to_right&#8221; overlay_strength=&#8221;0.3&#8243; width=&#8221;1\/6&#8243; tablet_width_inherit=&#8221;default&#8221; tablet_text_alignment=&#8221;default&#8221; phone_text_alignment=&#8221;default&#8221; animation_type=&#8221;default&#8221; bg_image_animation=&#8221;none&#8221; border_type=&#8221;simple&#8221; column_border_width=&#8221;none&#8221; column_border_style=&#8221;solid&#8221;][\/vc_column][\/vc_row]\n","protected":false},"excerpt":{"rendered":"<p>[vc_row type=&#8221;in_container&#8221; full_screen_row_position=&#8221;middle&#8221; column_margin=&#8221;default&#8221; column_direction=&#8221;default&#8221; column_direction_tablet=&#8221;default&#8221; column_direction_phone=&#8221;default&#8221; scene_position=&#8221;center&#8221; text_color=&#8221;dark&#8221; text_align=&#8221;left&#8221; row_border_radius=&#8221;none&#8221; row_border_radius_applies=&#8221;bg&#8221; overflow=&#8221;visible&#8221; overlay_strength=&#8221;0.3&#8243; gradient_direction=&#8221;left_to_right&#8221; shape_divider_position=&#8221;bottom&#8221; bg_image_animation=&#8221;none&#8221;][vc_column column_padding=&#8221;no-extra-padding&#8221; column_padding_tablet=&#8221;inherit&#8221; column_padding_phone=&#8221;inherit&#8221; column_padding_position=&#8221;all&#8221; column_element_spacing=&#8221;default&#8221; background_color_opacity=&#8221;1&#8243; background_hover_color_opacity=&#8221;1&#8243; column_shadow=&#8221;none&#8221; column_border_radius=&#8221;none&#8221; column_link_target=&#8221;_self&#8221; column_position=&#8221;default&#8221; gradient_direction=&#8221;left_to_right&#8221; overlay_strength=&#8221;0.3&#8243;&#8230;<\/p>\n","protected":false},"author":3,"featured_media":7183,"parent":0,"menu_order":0,"comment_status":"closed","ping_status":"closed","template":"","meta":{"footnotes":""},"class_list":["post-10061","page","type-page","status-publish","has-post-thumbnail"],"yoast_head":"<!-- This site is optimized with the Yoast SEO plugin v22.4 - https:\/\/yoast.com\/wordpress\/plugins\/seo\/ -->\n<title>BIOGRAPHY - Andr\u00e9 Fran\u00e7ois<\/title>\n<meta name=\"robots\" content=\"index, follow, max-snippet:-1, max-image-preview:large, max-video-preview:-1\" \/>\n<link rel=\"canonical\" href=\"https:\/\/andrefrancois.com.br\/biografia\/\" \/>\n<meta property=\"og:locale\" content=\"en_US\" \/>\n<meta property=\"og:locale:alternate\" content=\"pt_BR\" \/>\n<meta property=\"og:type\" content=\"article\" \/>\n<meta property=\"og:title\" content=\"BIOGRAPHY\" \/>\n<meta property=\"og:description\" content=\"[vc_row type=&#8221;in_container&#8221; full_screen_row_position=&#8221;middle&#8221; column_margin=&#8221;default&#8221; column_direction=&#8221;default&#8221; column_direction_tablet=&#8221;default&#8221; column_direction_phone=&#8221;default&#8221; scene_position=&#8221;center&#8221; text_color=&#8221;dark&#8221; text_align=&#8221;left&#8221; row_border_radius=&#8221;none&#8221; row_border_radius_applies=&#8221;bg&#8221; overflow=&#8221;visible&#8221; overlay_strength=&#8221;0.3&#8243; gradient_direction=&#8221;left_to_right&#8221; shape_divider_position=&#8221;bottom&#8221; bg_image_animation=&#8221;none&#8221;][vc_column column_padding=&#8221;no-extra-padding&#8221; column_padding_tablet=&#8221;inherit&#8221; column_padding_phone=&#8221;inherit&#8221; column_padding_position=&#8221;all&#8221; column_element_spacing=&#8221;default&#8221; background_color_opacity=&#8221;1&#8243; background_hover_color_opacity=&#8221;1&#8243; column_shadow=&#8221;none&#8221; column_border_radius=&#8221;none&#8221; column_link_target=&#8221;_self&#8221; column_position=&#8221;default&#8221; gradient_direction=&#8221;left_to_right&#8221; overlay_strength=&#8221;0.3&#8243;...\" \/>\n<meta property=\"og:url\" content=\"https:\/\/andrefrancois.com.br\/en\/biografia\/\" \/>\n<meta property=\"og:site_name\" content=\"Andr\u00e9 Fran\u00e7ois\" \/>\n<meta property=\"article:modified_time\" content=\"2024-07-01T19:51:55+00:00\" \/>\n<meta property=\"og:image\" content=\"https:\/\/andrefrancois.com.br\/wp-content\/uploads\/2020\/06\/foto-biografia-andre-francois.jpg\" \/>\n\t<meta property=\"og:image:width\" content=\"750\" \/>\n\t<meta property=\"og:image:height\" content=\"900\" \/>\n\t<meta property=\"og:image:type\" content=\"image\/jpeg\" \/>\n<meta name=\"twitter:card\" content=\"summary_large_image\" \/>\n<meta name=\"twitter:label1\" content=\"Est. reading time\" \/>\n\t<meta name=\"twitter:data1\" content=\"3 minutes\" \/>\n<script type=\"application\/ld+json\" class=\"yoast-schema-graph\">{\"@context\":\"https:\/\/schema.org\",\"@graph\":[{\"@type\":\"WebPage\",\"@id\":\"https:\/\/andrefrancois.com.br\/biografia\/\",\"url\":\"https:\/\/andrefrancois.com.br\/biografia\/\",\"name\":\"[:pt]Biografia[:en]BIOGRAPHY[:] - Andr\u00e9 Fran\u00e7ois\",\"isPartOf\":{\"@id\":\"https:\/\/andrefrancois.com.br\/#website\"},\"primaryImageOfPage\":{\"@id\":\"https:\/\/andrefrancois.com.br\/biografia\/#primaryimage\"},\"image\":{\"@id\":\"https:\/\/andrefrancois.com.br\/biografia\/#primaryimage\"},\"thumbnailUrl\":\"https:\/\/andrefrancois.com.br\/wp-content\/uploads\/2020\/06\/foto-biografia-andre-francois.jpg\",\"datePublished\":\"2021-12-11T21:50:28+00:00\",\"dateModified\":\"2024-07-01T19:51:55+00:00\",\"breadcrumb\":{\"@id\":\"https:\/\/andrefrancois.com.br\/biografia\/#breadcrumb\"},\"inLanguage\":\"en-US\",\"potentialAction\":[{\"@type\":\"ReadAction\",\"target\":[\"https:\/\/andrefrancois.com.br\/biografia\/\"]}]},{\"@type\":\"ImageObject\",\"inLanguage\":\"en-US\",\"@id\":\"https:\/\/andrefrancois.com.br\/biografia\/#primaryimage\",\"url\":\"https:\/\/andrefrancois.com.br\/wp-content\/uploads\/2020\/06\/foto-biografia-andre-francois.jpg\",\"contentUrl\":\"https:\/\/andrefrancois.com.br\/wp-content\/uploads\/2020\/06\/foto-biografia-andre-francois.jpg\",\"width\":750,\"height\":900},{\"@type\":\"BreadcrumbList\",\"@id\":\"https:\/\/andrefrancois.com.br\/biografia\/#breadcrumb\",\"itemListElement\":[{\"@type\":\"ListItem\",\"position\":1,\"name\":\"In\u00edcio\",\"item\":\"https:\/\/andrefrancois.com.br\/\"},{\"@type\":\"ListItem\",\"position\":2,\"name\":\"Biografia\"}]},{\"@type\":\"WebSite\",\"@id\":\"https:\/\/andrefrancois.com.br\/#website\",\"url\":\"https:\/\/andrefrancois.com.br\/\",\"name\":\"Andr\u00e9 Fran\u00e7ois\",\"description\":\"Andr\u00e9 Fran\u00e7ois\",\"potentialAction\":[{\"@type\":\"SearchAction\",\"target\":{\"@type\":\"EntryPoint\",\"urlTemplate\":\"https:\/\/andrefrancois.com.br\/?s={search_term_string}\"},\"query-input\":\"required name=search_term_string\"}],\"inLanguage\":\"en-US\"}]}<\/script>\n<!-- \/ Yoast SEO plugin. -->","yoast_head_json":{"title":"BIOGRAPHY - Andr\u00e9 Fran\u00e7ois","robots":{"index":"index","follow":"follow","max-snippet":"max-snippet:-1","max-image-preview":"max-image-preview:large","max-video-preview":"max-video-preview:-1"},"canonical":"https:\/\/andrefrancois.com.br\/biografia\/","og_locale":"en_US","og_type":"article","og_title":"[:pt]Biografia[:en]BIOGRAPHY[:] - Andr\u00e9 Fran\u00e7ois","og_description":"[vc_row type=&#8221;in_container&#8221; full_screen_row_position=&#8221;middle&#8221; column_margin=&#8221;default&#8221; column_direction=&#8221;default&#8221; column_direction_tablet=&#8221;default&#8221; column_direction_phone=&#8221;default&#8221; scene_position=&#8221;center&#8221; text_color=&#8221;dark&#8221; text_align=&#8221;left&#8221; row_border_radius=&#8221;none&#8221; row_border_radius_applies=&#8221;bg&#8221; overflow=&#8221;visible&#8221; overlay_strength=&#8221;0.3&#8243; gradient_direction=&#8221;left_to_right&#8221; shape_divider_position=&#8221;bottom&#8221; bg_image_animation=&#8221;none&#8221;][vc_column column_padding=&#8221;no-extra-padding&#8221; column_padding_tablet=&#8221;inherit&#8221; column_padding_phone=&#8221;inherit&#8221; column_padding_position=&#8221;all&#8221; column_element_spacing=&#8221;default&#8221; background_color_opacity=&#8221;1&#8243; background_hover_color_opacity=&#8221;1&#8243; column_shadow=&#8221;none&#8221; column_border_radius=&#8221;none&#8221; column_link_target=&#8221;_self&#8221; column_position=&#8221;default&#8221; gradient_direction=&#8221;left_to_right&#8221; overlay_strength=&#8221;0.3&#8243;...","og_url":"https:\/\/andrefrancois.com.br\/en\/biografia\/","og_site_name":"Andr\u00e9 Fran\u00e7ois","article_modified_time":"2024-07-01T19:51:55+00:00","og_image":[{"width":750,"height":900,"url":"https:\/\/andrefrancois.com.br\/wp-content\/uploads\/2020\/06\/foto-biografia-andre-francois.jpg","type":"image\/jpeg"}],"twitter_card":"summary_large_image","twitter_misc":{"Est. reading time":"3 minutes"},"schema":{"@context":"https:\/\/schema.org","@graph":[{"@type":"WebPage","@id":"https:\/\/andrefrancois.com.br\/biografia\/","url":"https:\/\/andrefrancois.com.br\/biografia\/","name":"[:pt]Biografia[:en]BIOGRAPHY[:] - Andr\u00e9 Fran\u00e7ois","isPartOf":{"@id":"https:\/\/andrefrancois.com.br\/#website"},"primaryImageOfPage":{"@id":"https:\/\/andrefrancois.com.br\/biografia\/#primaryimage"},"image":{"@id":"https:\/\/andrefrancois.com.br\/biografia\/#primaryimage"},"thumbnailUrl":"https:\/\/andrefrancois.com.br\/wp-content\/uploads\/2020\/06\/foto-biografia-andre-francois.jpg","datePublished":"2021-12-11T21:50:28+00:00","dateModified":"2024-07-01T19:51:55+00:00","breadcrumb":{"@id":"https:\/\/andrefrancois.com.br\/biografia\/#breadcrumb"},"inLanguage":"en-US","potentialAction":[{"@type":"ReadAction","target":["https:\/\/andrefrancois.com.br\/biografia\/"]}]},{"@type":"ImageObject","inLanguage":"en-US","@id":"https:\/\/andrefrancois.com.br\/biografia\/#primaryimage","url":"https:\/\/andrefrancois.com.br\/wp-content\/uploads\/2020\/06\/foto-biografia-andre-francois.jpg","contentUrl":"https:\/\/andrefrancois.com.br\/wp-content\/uploads\/2020\/06\/foto-biografia-andre-francois.jpg","width":750,"height":900},{"@type":"BreadcrumbList","@id":"https:\/\/andrefrancois.com.br\/biografia\/#breadcrumb","itemListElement":[{"@type":"ListItem","position":1,"name":"In\u00edcio","item":"https:\/\/andrefrancois.com.br\/"},{"@type":"ListItem","position":2,"name":"Biografia"}]},{"@type":"WebSite","@id":"https:\/\/andrefrancois.com.br\/#website","url":"https:\/\/andrefrancois.com.br\/","name":"Andr\u00e9 Fran\u00e7ois","description":"Andr\u00e9 Fran\u00e7ois","potentialAction":[{"@type":"SearchAction","target":{"@type":"EntryPoint","urlTemplate":"https:\/\/andrefrancois.com.br\/?s={search_term_string}"},"query-input":"required name=search_term_string"}],"inLanguage":"en-US"}]}},"_links":{"self":[{"href":"https:\/\/andrefrancois.com.br\/en\/wp-json\/wp\/v2\/pages\/10061","targetHints":{"allow":["GET"]}}],"collection":[{"href":"https:\/\/andrefrancois.com.br\/en\/wp-json\/wp\/v2\/pages"}],"about":[{"href":"https:\/\/andrefrancois.com.br\/en\/wp-json\/wp\/v2\/types\/page"}],"author":[{"embeddable":true,"href":"https:\/\/andrefrancois.com.br\/en\/wp-json\/wp\/v2\/users\/3"}],"replies":[{"embeddable":true,"href":"https:\/\/andrefrancois.com.br\/en\/wp-json\/wp\/v2\/comments?post=10061"}],"version-history":[{"count":2,"href":"https:\/\/andrefrancois.com.br\/en\/wp-json\/wp\/v2\/pages\/10061\/revisions"}],"predecessor-version":[{"id":10725,"href":"https:\/\/andrefrancois.com.br\/en\/wp-json\/wp\/v2\/pages\/10061\/revisions\/10725"}],"wp:featuredmedia":[{"embeddable":true,"href":"https:\/\/andrefrancois.com.br\/en\/wp-json\/wp\/v2\/media\/7183"}],"wp:attachment":[{"href":"https:\/\/andrefrancois.com.br\/en\/wp-json\/wp\/v2\/media?parent=10061"}],"curies":[{"name":"wp","href":"https:\/\/api.w.org\/{rel}","templated":true}]}}