{"id":10449,"date":"2021-12-13T15:37:21","date_gmt":"2021-12-13T18:37:21","guid":{"rendered":"https:\/\/imm.ong\/?page_id=10016"},"modified":"2021-12-13T15:37:21","modified_gmt":"2021-12-13T18:37:21","slug":"fortes-mulheres-3","status":"publish","type":"page","link":"https:\/\/andrefrancois.com.br\/en\/fortes-mulheres-3\/","title":{"rendered":"Fortes Mulheres"},"content":{"rendered":"[vc_row type=&#8221;full_width_background&#8221; full_screen_row_position=&#8221;middle&#8221; column_margin=&#8221;default&#8221; column_direction=&#8221;default&#8221; column_direction_tablet=&#8221;default&#8221; column_direction_phone=&#8221;default&#8221; bg_image=&#8221;7534&#8243; bg_position=&#8221;left top&#8221; bg_repeat=&#8221;no-repeat&#8221; scene_position=&#8221;center&#8221; top_padding=&#8221;25%&#8221; bottom_padding=&#8221;0%&#8221; text_color=&#8221;light&#8221; text_align=&#8221;left&#8221; row_border_radius=&#8221;none&#8221; row_border_radius_applies=&#8221;bg&#8221; enable_gradient=&#8221;true&#8221; color_overlay=&#8221;rgba(0,0,0,0.01)&#8221; color_overlay_2=&#8221;#000000&#8243; overlay_strength=&#8221;0.5&#8243; gradient_direction=&#8221;top_to_bottom&#8221; shape_divider_position=&#8221;bottom&#8221; bg_image_animation=&#8221;none&#8221; parallax_bg=&#8221;true&#8221; parallax_bg_speed=&#8221;fast&#8221; shape_type=&#8221;&#8221;][vc_column column_padding=&#8221;no-extra-padding&#8221; column_padding_tablet=&#8221;inherit&#8221; column_padding_phone=&#8221;inherit&#8221; column_padding_position=&#8221;all&#8221; background_color_opacity=&#8221;1&#8243; background_hover_color_opacity=&#8221;1&#8243; column_shadow=&#8221;none&#8221; column_border_radius=&#8221;none&#8221; column_link_target=&#8221;_self&#8221; gradient_direction=&#8221;left_to_right&#8221; overlay_strength=&#8221;0.3&#8243; width=&#8221;1\/1&#8243; tablet_width_inherit=&#8221;default&#8221; tablet_text_alignment=&#8221;default&#8221; phone_text_alignment=&#8221;default&#8221; column_border_width=&#8221;none&#8221; column_border_style=&#8221;solid&#8221; bg_image_animation=&#8221;none&#8221;][vc_row_inner content_placement=&#8221;bottom&#8221; column_margin=&#8221;default&#8221; column_direction=&#8221;default&#8221; column_direction_tablet=&#8221;default&#8221; column_direction_phone=&#8221;default&#8221; text_align=&#8221;left&#8221;][vc_column_inner column_padding=&#8221;padding-5-percent&#8221; column_padding_tablet=&#8221;inherit&#8221; column_padding_phone=&#8221;inherit&#8221; column_padding_position=&#8221;all&#8221; background_color_opacity=&#8221;1&#8243; background_hover_color_opacity=&#8221;1&#8243; column_shadow=&#8221;none&#8221; column_border_radius=&#8221;none&#8221; column_link_target=&#8221;_self&#8221; gradient_direction=&#8221;left_to_right&#8221; overlay_strength=&#8221;0.3&#8243; width=&#8221;1\/1&#8243; tablet_width_inherit=&#8221;default&#8221; column_border_width=&#8221;none&#8221; column_border_style=&#8221;solid&#8221; bg_image_animation=&#8221;none&#8221;][nectar_highlighted_text color_type=&#8221;regular&#8221; style=&#8221;full_text&#8221;]\n<h1>Fortes Mulheres<\/h1>\n[\/nectar_highlighted_text][\/vc_column_inner][\/vc_row_inner][\/vc_column][\/vc_row][vc_row type=&#8221;full_width_content&#8221; full_screen_row_position=&#8221;middle&#8221; column_margin=&#8221;90px&#8221; equal_height=&#8221;yes&#8221; content_placement=&#8221;middle&#8221; column_direction=&#8221;default&#8221; column_direction_tablet=&#8221;default&#8221; column_direction_phone=&#8221;default&#8221; bg_color=&#8221;#ffffff&#8221; scene_position=&#8221;center&#8221; top_padding=&#8221;3%&#8221; bottom_padding=&#8221;6%&#8221; text_color=&#8221;dark&#8221; text_align=&#8221;left&#8221; row_border_radius=&#8221;none&#8221; row_border_radius_applies=&#8221;bg&#8221; overlay_strength=&#8221;0.3&#8243; gradient_direction=&#8221;left_to_right&#8221; shape_divider_position=&#8221;bottom&#8221; bg_image_animation=&#8221;none&#8221; shape_type=&#8221;&#8221;][vc_column column_padding=&#8221;padding-2-percent&#8221; column_padding_tablet=&#8221;inherit&#8221; column_padding_phone=&#8221;inherit&#8221; column_padding_position=&#8221;all&#8221; background_color_opacity=&#8221;1&#8243; background_hover_color_opacity=&#8221;1&#8243; column_shadow=&#8221;none&#8221; column_border_radius=&#8221;none&#8221; column_link_target=&#8221;_self&#8221; gradient_direction=&#8221;left_to_right&#8221; overlay_strength=&#8221;0.3&#8243; width=&#8221;1\/2&#8243; tablet_width_inherit=&#8221;default&#8221; tablet_text_alignment=&#8221;default&#8221; phone_text_alignment=&#8221;default&#8221; column_border_width=&#8221;none&#8221; column_border_style=&#8221;solid&#8221; bg_image_animation=&#8221;none&#8221;][vc_raw_html]JTNDaWZyYW1lJTIwd2lkdGglM0QlMjI1NjAlMjIlMjBoZWlnaHQlM0QlMjIzMTUlMjIlMjBzcmMlM0QlMjJodHRwcyUzQSUyRiUyRnd3dy55b3V0dWJlLmNvbSUyRmVtYmVkJTJGaVFwQVJNWkxfak0lMjIlMjBmcmFtZWJvcmRlciUzRCUyMjAlMjIlMjBhbGxvdyUzRCUyMmFjY2VsZXJvbWV0ZXIlM0IlMjBhdXRvcGxheSUzQiUyMGVuY3J5cHRlZC1tZWRpYSUzQiUyMGd5cm9zY29wZSUzQiUyMHBpY3R1cmUtaW4tcGljdHVyZSUyMiUyMGFsbG93ZnVsbHNjcmVlbiUzRSUzQyUyRmlmcmFtZSUzRQ==[\/vc_raw_html][\/vc_column][vc_column column_padding=&#8221;no-extra-padding&#8221; column_padding_tablet=&#8221;inherit&#8221; column_padding_phone=&#8221;inherit&#8221; column_padding_position=&#8221;all&#8221; background_color_opacity=&#8221;1&#8243; background_hover_color_opacity=&#8221;1&#8243; column_shadow=&#8221;none&#8221; column_border_radius=&#8221;none&#8221; column_link_target=&#8221;_self&#8221; gradient_direction=&#8221;left_to_right&#8221; overlay_strength=&#8221;0.3&#8243; width=&#8221;1\/2&#8243; tablet_width_inherit=&#8221;default&#8221; tablet_text_alignment=&#8221;default&#8221; phone_text_alignment=&#8221;default&#8221; column_border_width=&#8221;none&#8221; column_border_style=&#8221;solid&#8221; bg_image_animation=&#8221;none&#8221;][nectar_highlighted_text color_type=&#8221;regular&#8221; style=&#8221;full_text&#8221;]\n<h2 class=\"p1\">OUR PROJECT<\/h2>\n[\/nectar_highlighted_text][vc_column_text]<span style=\"font-weight: 400;\">Inspired by the feminine strength, Andr\u00e9 Fran\u00e7ois portrayed, for two years, women who walked journeys full of challenges, love and strength. The photographer crossed the country with just one question: what is overcoming for you?<\/span><\/p>\n<p><span style=\"font-weight: 400;\">The answers resulted in the photographic documentary and the documentary video Fortes Mulheres, in which the characters tell their own stories and show why they are inspirations for their communities, families, country and themselves.<\/span><\/p>\n<p><span style=\"font-weight: 400;\">The work addresses issues such as teenage pregnancy, family relationships, domestic and gender violence and coping with diseases such as cancer.<\/span>[\/vc_column_text][\/vc_column][\/vc_row][vc_row type=&#8221;full_width_content&#8221; full_screen_row_position=&#8221;middle&#8221; column_margin=&#8221;default&#8221; column_direction=&#8221;default&#8221; column_direction_tablet=&#8221;default&#8221; column_direction_phone=&#8221;default&#8221; scene_position=&#8221;center&#8221; text_color=&#8221;dark&#8221; text_align=&#8221;left&#8221; row_border_radius=&#8221;none&#8221; row_border_radius_applies=&#8221;bg&#8221; overlay_strength=&#8221;0.3&#8243; gradient_direction=&#8221;left_to_right&#8221; shape_divider_position=&#8221;bottom&#8221; bg_image_animation=&#8221;none&#8221; shape_type=&#8221;&#8221;][vc_column column_padding=&#8221;no-extra-padding&#8221; column_padding_tablet=&#8221;inherit&#8221; column_padding_phone=&#8221;inherit&#8221; column_padding_position=&#8221;all&#8221; background_color_opacity=&#8221;1&#8243; background_hover_color_opacity=&#8221;1&#8243; column_shadow=&#8221;none&#8221; column_border_radius=&#8221;none&#8221; column_link_target=&#8221;_self&#8221; gradient_direction=&#8221;left_to_right&#8221; overlay_strength=&#8221;0.3&#8243; width=&#8221;1\/1&#8243; tablet_width_inherit=&#8221;default&#8221; tablet_text_alignment=&#8221;default&#8221; phone_text_alignment=&#8221;default&#8221; column_border_width=&#8221;none&#8221; column_border_style=&#8221;solid&#8221; bg_image_animation=&#8221;none&#8221;][vc_gallery type=&#8221;image_grid&#8221; images=&#8221;7535,7536,7537,7538,7539,7540,7762,7763&#8243; layout=&#8221;4&#8243; item_spacing=&#8221;default&#8221; gallery_style=&#8221;7&#8243; load_in_animation=&#8221;none&#8221; img_size=&#8221;400&#215;400&#8243;][\/vc_column][\/vc_row]\n","protected":false},"excerpt":{"rendered":"<p>[vc_row type=&#8221;full_width_background&#8221; full_screen_row_position=&#8221;middle&#8221; column_margin=&#8221;default&#8221; column_direction=&#8221;default&#8221; column_direction_tablet=&#8221;default&#8221; column_direction_phone=&#8221;default&#8221; bg_image=&#8221;7534&#8243; bg_position=&#8221;left top&#8221; bg_repeat=&#8221;no-repeat&#8221; scene_position=&#8221;center&#8221; top_padding=&#8221;25%&#8221; bottom_padding=&#8221;0%&#8221; text_color=&#8221;light&#8221; text_align=&#8221;left&#8221; row_border_radius=&#8221;none&#8221; row_border_radius_applies=&#8221;bg&#8221; enable_gradient=&#8221;true&#8221; color_overlay=&#8221;rgba(0,0,0,0.01)&#8221; color_overlay_2=&#8221;#000000&#8243; overlay_strength=&#8221;0.5&#8243; gradient_direction=&#8221;top_to_bottom&#8221; shape_divider_position=&#8221;bottom&#8221; bg_image_animation=&#8221;none&#8221; parallax_bg=&#8221;true&#8221; parallax_bg_speed=&#8221;fast&#8221; shape_type=&#8221;&#8221;][vc_column column_padding=&#8221;no-extra-padding&#8221; column_padding_tablet=&#8221;inherit&#8221;&#8230;<\/p>\n","protected":false},"author":2,"featured_media":7534,"parent":0,"menu_order":0,"comment_status":"closed","ping_status":"closed","template":"","meta":{"footnotes":""},"class_list":["post-10449","page","type-page","status-publish","has-post-thumbnail"],"yoast_head":"<!-- This site is optimized with the Yoast SEO plugin v22.4 - https:\/\/yoast.com\/wordpress\/plugins\/seo\/ -->\n<title>Fortes Mulheres - Andr\u00e9 Fran\u00e7ois<\/title>\n<meta name=\"robots\" content=\"index, follow, max-snippet:-1, max-image-preview:large, max-video-preview:-1\" \/>\n<link rel=\"canonical\" href=\"https:\/\/andrefrancois.com.br\/fortes-mulheres-3\/\" \/>\n<meta property=\"og:locale\" content=\"en_US\" \/>\n<meta property=\"og:locale:alternate\" content=\"pt_BR\" \/>\n<meta property=\"og:type\" content=\"article\" \/>\n<meta property=\"og:title\" content=\"Fortes Mulheres\" \/>\n<meta property=\"og:description\" content=\"[vc_row type=&#8221;full_width_background&#8221; full_screen_row_position=&#8221;middle&#8221; column_margin=&#8221;default&#8221; column_direction=&#8221;default&#8221; column_direction_tablet=&#8221;default&#8221; column_direction_phone=&#8221;default&#8221; bg_image=&#8221;7534&#8243; bg_position=&#8221;left top&#8221; bg_repeat=&#8221;no-repeat&#8221; scene_position=&#8221;center&#8221; top_padding=&#8221;25%&#8221; bottom_padding=&#8221;0%&#8221; text_color=&#8221;light&#8221; text_align=&#8221;left&#8221; row_border_radius=&#8221;none&#8221; row_border_radius_applies=&#8221;bg&#8221; enable_gradient=&#8221;true&#8221; color_overlay=&#8221;rgba(0,0,0,0.01)&#8221; color_overlay_2=&#8221;#000000&#8243; overlay_strength=&#8221;0.5&#8243; gradient_direction=&#8221;top_to_bottom&#8221; shape_divider_position=&#8221;bottom&#8221; bg_image_animation=&#8221;none&#8221; parallax_bg=&#8221;true&#8221; parallax_bg_speed=&#8221;fast&#8221; shape_type=&#8221;&#8221;][vc_column column_padding=&#8221;no-extra-padding&#8221; column_padding_tablet=&#8221;inherit&#8221;...\" \/>\n<meta property=\"og:url\" content=\"https:\/\/andrefrancois.com.br\/en\/fortes-mulheres-3\/\" \/>\n<meta property=\"og:site_name\" content=\"Andr\u00e9 Fran\u00e7ois\" \/>\n<meta property=\"og:image\" content=\"https:\/\/andrefrancois.com.br\/wp-content\/uploads\/2020\/06\/1_17AF11_04025-2_T_F_40x60_8bits.jpg\" \/>\n\t<meta property=\"og:image:width\" content=\"1181\" \/>\n\t<meta property=\"og:image:height\" content=\"787\" \/>\n\t<meta property=\"og:image:type\" content=\"image\/jpeg\" \/>\n<meta name=\"twitter:card\" content=\"summary_large_image\" \/>\n<meta name=\"twitter:label1\" content=\"Est. reading time\" \/>\n\t<meta name=\"twitter:data1\" content=\"8 minutes\" \/>\n<script type=\"application\/ld+json\" class=\"yoast-schema-graph\">{\"@context\":\"https:\/\/schema.org\",\"@graph\":[{\"@type\":\"WebPage\",\"@id\":\"https:\/\/andrefrancois.com.br\/fortes-mulheres-3\/\",\"url\":\"https:\/\/andrefrancois.com.br\/fortes-mulheres-3\/\",\"name\":\"[:pt]Fortes Mulheres[:en]Fortes Mulheres[:] - Andr\u00e9 Fran\u00e7ois\",\"isPartOf\":{\"@id\":\"https:\/\/andrefrancois.com.br\/#website\"},\"primaryImageOfPage\":{\"@id\":\"https:\/\/andrefrancois.com.br\/fortes-mulheres-3\/#primaryimage\"},\"image\":{\"@id\":\"https:\/\/andrefrancois.com.br\/fortes-mulheres-3\/#primaryimage\"},\"thumbnailUrl\":\"https:\/\/andrefrancois.com.br\/wp-content\/uploads\/2020\/06\/1_17AF11_04025-2_T_F_40x60_8bits.jpg\",\"datePublished\":\"2021-12-13T18:37:21+00:00\",\"dateModified\":\"2021-12-13T18:37:21+00:00\",\"breadcrumb\":{\"@id\":\"https:\/\/andrefrancois.com.br\/fortes-mulheres-3\/#breadcrumb\"},\"inLanguage\":\"en-US\",\"potentialAction\":[{\"@type\":\"ReadAction\",\"target\":[\"https:\/\/andrefrancois.com.br\/fortes-mulheres-3\/\"]}]},{\"@type\":\"ImageObject\",\"inLanguage\":\"en-US\",\"@id\":\"https:\/\/andrefrancois.com.br\/fortes-mulheres-3\/#primaryimage\",\"url\":\"https:\/\/andrefrancois.com.br\/wp-content\/uploads\/2020\/06\/1_17AF11_04025-2_T_F_40x60_8bits.jpg\",\"contentUrl\":\"https:\/\/andrefrancois.com.br\/wp-content\/uploads\/2020\/06\/1_17AF11_04025-2_T_F_40x60_8bits.jpg\",\"width\":1181,\"height\":787,\"caption\":\"[:pt]Francisca Rodrigues de Souza 62 anos, 3 filhos, trabalhadora rural nasceu no s\u00edtio S\u00e3o Paulo e veio de uma fam\u00edlia de 13 irm\u00e3os trabalhou sempre no campo, com agricultura e pequenos animais casou-se aos 28 anos; ele tinha 30 anos teve 3 filhos ap\u00f3s 3 anos de casamento, seu marido a abandonou com os 3 filhos; ele saiu para trabalhar e nunca mais voltou ela criou todos eles com muita dificuldade costurava para fora para conseguir um dinheiro fazia a ro\u00e7a e trabalhava em casa comprava o material escolar dos meninos com dificuldade, e fazia as bolsas para carregar os livros com jeans antigo hoje continua em sua casa; seus filhos est\u00e3o criados IMPRESS\u00c3O\/INSPIRA\u00c7\u00c3O: Conhecemos Francisca por meio de Alda, sua sobrinha. Ela \u00e9 uma mulher muito simples, que ficou lisonjeada com nossa visita. Sua casa, com os sof\u00e1s todos com capas vermelhas e maravilha, descansavam solit\u00e1rios na sala extremamente limpa. Ela soube um dia antes que ir\u00edamos visit\u00e1-la. Ao fundo, a cortina vermelha que combina com o sof\u00e1 nos deu um bom fundo para fazer seus retratos e v\u00eddeos. Tica, como \u00e9 conhecida, nos conta aos poucos sobre sua vida. Logo ela chora, emocionada com sua hist\u00f3ria. Fala baixinho e com um sotaque forte que dificulta nosso entendimento. Ela sente tristeza quando pensa em sua hist\u00f3ria, mas sente muito orgulho de ter conseguido dar uma boa vida para os filhos, cri\u00e1-los todos. Alda nos ajuda a entrevist\u00e1-la, afinal, a sobrinha sabe mais da vida da tia do que a gente. \/[:]\"},{\"@type\":\"BreadcrumbList\",\"@id\":\"https:\/\/andrefrancois.com.br\/fortes-mulheres-3\/#breadcrumb\",\"itemListElement\":[{\"@type\":\"ListItem\",\"position\":1,\"name\":\"In\u00edcio\",\"item\":\"https:\/\/andrefrancois.com.br\/\"},{\"@type\":\"ListItem\",\"position\":2,\"name\":\"Fortes Mulheres\"}]},{\"@type\":\"WebSite\",\"@id\":\"https:\/\/andrefrancois.com.br\/#website\",\"url\":\"https:\/\/andrefrancois.com.br\/\",\"name\":\"Andr\u00e9 Fran\u00e7ois\",\"description\":\"Andr\u00e9 Fran\u00e7ois\",\"potentialAction\":[{\"@type\":\"SearchAction\",\"target\":{\"@type\":\"EntryPoint\",\"urlTemplate\":\"https:\/\/andrefrancois.com.br\/?s={search_term_string}\"},\"query-input\":\"required name=search_term_string\"}],\"inLanguage\":\"en-US\"}]}<\/script>\n<!-- \/ Yoast SEO plugin. -->","yoast_head_json":{"title":"Fortes Mulheres - Andr\u00e9 Fran\u00e7ois","robots":{"index":"index","follow":"follow","max-snippet":"max-snippet:-1","max-image-preview":"max-image-preview:large","max-video-preview":"max-video-preview:-1"},"canonical":"https:\/\/andrefrancois.com.br\/fortes-mulheres-3\/","og_locale":"en_US","og_type":"article","og_title":"[:pt]Fortes Mulheres[:en]Fortes Mulheres[:] - Andr\u00e9 Fran\u00e7ois","og_description":"[vc_row type=&#8221;full_width_background&#8221; full_screen_row_position=&#8221;middle&#8221; column_margin=&#8221;default&#8221; column_direction=&#8221;default&#8221; column_direction_tablet=&#8221;default&#8221; column_direction_phone=&#8221;default&#8221; bg_image=&#8221;7534&#8243; bg_position=&#8221;left top&#8221; bg_repeat=&#8221;no-repeat&#8221; scene_position=&#8221;center&#8221; top_padding=&#8221;25%&#8221; bottom_padding=&#8221;0%&#8221; text_color=&#8221;light&#8221; text_align=&#8221;left&#8221; row_border_radius=&#8221;none&#8221; row_border_radius_applies=&#8221;bg&#8221; enable_gradient=&#8221;true&#8221; color_overlay=&#8221;rgba(0,0,0,0.01)&#8221; color_overlay_2=&#8221;#000000&#8243; overlay_strength=&#8221;0.5&#8243; gradient_direction=&#8221;top_to_bottom&#8221; shape_divider_position=&#8221;bottom&#8221; bg_image_animation=&#8221;none&#8221; parallax_bg=&#8221;true&#8221; parallax_bg_speed=&#8221;fast&#8221; shape_type=&#8221;&#8221;][vc_column column_padding=&#8221;no-extra-padding&#8221; column_padding_tablet=&#8221;inherit&#8221;...","og_url":"https:\/\/andrefrancois.com.br\/en\/fortes-mulheres-3\/","og_site_name":"Andr\u00e9 Fran\u00e7ois","og_image":[{"width":1181,"height":787,"url":"https:\/\/andrefrancois.com.br\/wp-content\/uploads\/2020\/06\/1_17AF11_04025-2_T_F_40x60_8bits.jpg","type":"image\/jpeg"}],"twitter_card":"summary_large_image","twitter_misc":{"Est. reading time":"8 minutes"},"schema":{"@context":"https:\/\/schema.org","@graph":[{"@type":"WebPage","@id":"https:\/\/andrefrancois.com.br\/fortes-mulheres-3\/","url":"https:\/\/andrefrancois.com.br\/fortes-mulheres-3\/","name":"[:pt]Fortes Mulheres[:en]Fortes Mulheres[:] - Andr\u00e9 Fran\u00e7ois","isPartOf":{"@id":"https:\/\/andrefrancois.com.br\/#website"},"primaryImageOfPage":{"@id":"https:\/\/andrefrancois.com.br\/fortes-mulheres-3\/#primaryimage"},"image":{"@id":"https:\/\/andrefrancois.com.br\/fortes-mulheres-3\/#primaryimage"},"thumbnailUrl":"https:\/\/andrefrancois.com.br\/wp-content\/uploads\/2020\/06\/1_17AF11_04025-2_T_F_40x60_8bits.jpg","datePublished":"2021-12-13T18:37:21+00:00","dateModified":"2021-12-13T18:37:21+00:00","breadcrumb":{"@id":"https:\/\/andrefrancois.com.br\/fortes-mulheres-3\/#breadcrumb"},"inLanguage":"en-US","potentialAction":[{"@type":"ReadAction","target":["https:\/\/andrefrancois.com.br\/fortes-mulheres-3\/"]}]},{"@type":"ImageObject","inLanguage":"en-US","@id":"https:\/\/andrefrancois.com.br\/fortes-mulheres-3\/#primaryimage","url":"https:\/\/andrefrancois.com.br\/wp-content\/uploads\/2020\/06\/1_17AF11_04025-2_T_F_40x60_8bits.jpg","contentUrl":"https:\/\/andrefrancois.com.br\/wp-content\/uploads\/2020\/06\/1_17AF11_04025-2_T_F_40x60_8bits.jpg","width":1181,"height":787,"caption":"[:pt]Francisca Rodrigues de Souza 62 anos, 3 filhos, trabalhadora rural nasceu no s\u00edtio S\u00e3o Paulo e veio de uma fam\u00edlia de 13 irm\u00e3os trabalhou sempre no campo, com agricultura e pequenos animais casou-se aos 28 anos; ele tinha 30 anos teve 3 filhos ap\u00f3s 3 anos de casamento, seu marido a abandonou com os 3 filhos; ele saiu para trabalhar e nunca mais voltou ela criou todos eles com muita dificuldade costurava para fora para conseguir um dinheiro fazia a ro\u00e7a e trabalhava em casa comprava o material escolar dos meninos com dificuldade, e fazia as bolsas para carregar os livros com jeans antigo hoje continua em sua casa; seus filhos est\u00e3o criados IMPRESS\u00c3O\/INSPIRA\u00c7\u00c3O: Conhecemos Francisca por meio de Alda, sua sobrinha. Ela \u00e9 uma mulher muito simples, que ficou lisonjeada com nossa visita. Sua casa, com os sof\u00e1s todos com capas vermelhas e maravilha, descansavam solit\u00e1rios na sala extremamente limpa. Ela soube um dia antes que ir\u00edamos visit\u00e1-la. Ao fundo, a cortina vermelha que combina com o sof\u00e1 nos deu um bom fundo para fazer seus retratos e v\u00eddeos. Tica, como \u00e9 conhecida, nos conta aos poucos sobre sua vida. Logo ela chora, emocionada com sua hist\u00f3ria. Fala baixinho e com um sotaque forte que dificulta nosso entendimento. Ela sente tristeza quando pensa em sua hist\u00f3ria, mas sente muito orgulho de ter conseguido dar uma boa vida para os filhos, cri\u00e1-los todos. Alda nos ajuda a entrevist\u00e1-la, afinal, a sobrinha sabe mais da vida da tia do que a gente. \/[:]"},{"@type":"BreadcrumbList","@id":"https:\/\/andrefrancois.com.br\/fortes-mulheres-3\/#breadcrumb","itemListElement":[{"@type":"ListItem","position":1,"name":"In\u00edcio","item":"https:\/\/andrefrancois.com.br\/"},{"@type":"ListItem","position":2,"name":"Fortes Mulheres"}]},{"@type":"WebSite","@id":"https:\/\/andrefrancois.com.br\/#website","url":"https:\/\/andrefrancois.com.br\/","name":"Andr\u00e9 Fran\u00e7ois","description":"Andr\u00e9 Fran\u00e7ois","potentialAction":[{"@type":"SearchAction","target":{"@type":"EntryPoint","urlTemplate":"https:\/\/andrefrancois.com.br\/?s={search_term_string}"},"query-input":"required name=search_term_string"}],"inLanguage":"en-US"}]}},"_links":{"self":[{"href":"https:\/\/andrefrancois.com.br\/en\/wp-json\/wp\/v2\/pages\/10449","targetHints":{"allow":["GET"]}}],"collection":[{"href":"https:\/\/andrefrancois.com.br\/en\/wp-json\/wp\/v2\/pages"}],"about":[{"href":"https:\/\/andrefrancois.com.br\/en\/wp-json\/wp\/v2\/types\/page"}],"author":[{"embeddable":true,"href":"https:\/\/andrefrancois.com.br\/en\/wp-json\/wp\/v2\/users\/2"}],"replies":[{"embeddable":true,"href":"https:\/\/andrefrancois.com.br\/en\/wp-json\/wp\/v2\/comments?post=10449"}],"version-history":[{"count":0,"href":"https:\/\/andrefrancois.com.br\/en\/wp-json\/wp\/v2\/pages\/10449\/revisions"}],"wp:featuredmedia":[{"embeddable":true,"href":"https:\/\/andrefrancois.com.br\/en\/wp-json\/wp\/v2\/media\/7534"}],"wp:attachment":[{"href":"https:\/\/andrefrancois.com.br\/en\/wp-json\/wp\/v2\/media?parent=10449"}],"curies":[{"name":"wp","href":"https:\/\/api.w.org\/{rel}","templated":true}]}}