{"id":10450,"date":"2021-12-21T13:29:03","date_gmt":"2021-12-21T16:29:03","guid":{"rendered":"https:\/\/imm.ong\/?page_id=10017"},"modified":"2021-12-21T13:29:03","modified_gmt":"2021-12-21T16:29:03","slug":"de-volta-para-casa","status":"publish","type":"page","link":"https:\/\/andrefrancois.com.br\/en\/de-volta-para-casa\/","title":{"rendered":"De Volta Para Casa"},"content":{"rendered":"[vc_row type=&#8221;full_width_background&#8221; full_screen_row_position=&#8221;middle&#8221; column_margin=&#8221;default&#8221; column_direction=&#8221;default&#8221; column_direction_tablet=&#8221;default&#8221; column_direction_phone=&#8221;default&#8221; bg_image=&#8221;7545&#8243; bg_position=&#8221;center bottom&#8221; bg_repeat=&#8221;no-repeat&#8221; scene_position=&#8221;center&#8221; top_padding=&#8221;25%&#8221; bottom_padding=&#8221;0%&#8221; text_color=&#8221;light&#8221; text_align=&#8221;left&#8221; row_border_radius=&#8221;none&#8221; row_border_radius_applies=&#8221;bg&#8221; enable_gradient=&#8221;true&#8221; color_overlay=&#8221;rgba(0,0,0,0.01)&#8221; color_overlay_2=&#8221;#000000&#8243; overlay_strength=&#8221;0.8&#8243; gradient_direction=&#8221;top_to_bottom&#8221; shape_divider_position=&#8221;bottom&#8221; bg_image_animation=&#8221;none&#8221; parallax_bg=&#8221;true&#8221; parallax_bg_speed=&#8221;fast&#8221; shape_type=&#8221;&#8221;][vc_column column_padding=&#8221;no-extra-padding&#8221; column_padding_tablet=&#8221;inherit&#8221; column_padding_phone=&#8221;inherit&#8221; column_padding_position=&#8221;all&#8221; background_color_opacity=&#8221;1&#8243; background_hover_color_opacity=&#8221;1&#8243; column_shadow=&#8221;none&#8221; column_border_radius=&#8221;none&#8221; column_link_target=&#8221;_self&#8221; gradient_direction=&#8221;left_to_right&#8221; overlay_strength=&#8221;0.3&#8243; width=&#8221;1\/1&#8243; tablet_width_inherit=&#8221;default&#8221; tablet_text_alignment=&#8221;default&#8221; phone_text_alignment=&#8221;default&#8221; column_border_width=&#8221;none&#8221; column_border_style=&#8221;solid&#8221; bg_image_animation=&#8221;none&#8221;][vc_row_inner content_placement=&#8221;bottom&#8221; column_margin=&#8221;default&#8221; column_direction=&#8221;default&#8221; column_direction_tablet=&#8221;default&#8221; column_direction_phone=&#8221;default&#8221; text_align=&#8221;left&#8221;][vc_column_inner column_padding=&#8221;padding-5-percent&#8221; column_padding_tablet=&#8221;inherit&#8221; column_padding_phone=&#8221;inherit&#8221; column_padding_position=&#8221;all&#8221; background_color_opacity=&#8221;1&#8243; background_hover_color_opacity=&#8221;1&#8243; column_shadow=&#8221;none&#8221; column_border_radius=&#8221;none&#8221; column_link_target=&#8221;_self&#8221; gradient_direction=&#8221;left_to_right&#8221; overlay_strength=&#8221;0.3&#8243; width=&#8221;1\/1&#8243; tablet_width_inherit=&#8221;default&#8221; column_border_width=&#8221;none&#8221; column_border_style=&#8221;solid&#8221; bg_image_animation=&#8221;none&#8221;][nectar_highlighted_text color_type=&#8221;regular&#8221; style=&#8221;full_text&#8221;]\n<h1>De Volta Para Casa<\/h1>\n[\/nectar_highlighted_text][\/vc_column_inner][\/vc_row_inner][\/vc_column][\/vc_row][vc_row type=&#8221;full_width_content&#8221; full_screen_row_position=&#8221;middle&#8221; column_margin=&#8221;90px&#8221; equal_height=&#8221;yes&#8221; content_placement=&#8221;middle&#8221; column_direction=&#8221;default&#8221; column_direction_tablet=&#8221;default&#8221; column_direction_phone=&#8221;default&#8221; bg_color=&#8221;#ffffff&#8221; scene_position=&#8221;center&#8221; bottom_padding=&#8221;3%&#8221; text_color=&#8221;dark&#8221; text_align=&#8221;left&#8221; row_border_radius=&#8221;none&#8221; row_border_radius_applies=&#8221;bg&#8221; overlay_strength=&#8221;0.3&#8243; gradient_direction=&#8221;left_to_right&#8221; shape_divider_position=&#8221;bottom&#8221; bg_image_animation=&#8221;none&#8221; shape_type=&#8221;&#8221;][vc_column column_padding=&#8221;padding-2-percent&#8221; column_padding_tablet=&#8221;inherit&#8221; column_padding_phone=&#8221;inherit&#8221; column_padding_position=&#8221;all&#8221; background_color_opacity=&#8221;1&#8243; background_hover_color_opacity=&#8221;1&#8243; column_shadow=&#8221;none&#8221; column_border_radius=&#8221;none&#8221; column_link_target=&#8221;_self&#8221; gradient_direction=&#8221;left_to_right&#8221; overlay_strength=&#8221;0.3&#8243; width=&#8221;1\/2&#8243; tablet_width_inherit=&#8221;default&#8221; tablet_text_alignment=&#8221;default&#8221; phone_text_alignment=&#8221;default&#8221; column_border_width=&#8221;none&#8221; column_border_style=&#8221;solid&#8221; bg_image_animation=&#8221;none&#8221;][image_with_animation image_url=&#8221;7544&#8243; animation=&#8221;Fade In&#8221; hover_animation=&#8221;none&#8221; alignment=&#8221;&#8221; border_radius=&#8221;none&#8221; box_shadow=&#8221;none&#8221; image_loading=&#8221;default&#8221; max_width=&#8221;100%&#8221; max_width_mobile=&#8221;default&#8221;][\/vc_column][vc_column column_padding=&#8221;no-extra-padding&#8221; column_padding_tablet=&#8221;inherit&#8221; column_padding_phone=&#8221;inherit&#8221; column_padding_position=&#8221;all&#8221; background_color_opacity=&#8221;1&#8243; background_hover_color_opacity=&#8221;1&#8243; column_shadow=&#8221;none&#8221; column_border_radius=&#8221;none&#8221; column_link_target=&#8221;_self&#8221; gradient_direction=&#8221;left_to_right&#8221; overlay_strength=&#8221;0.3&#8243; width=&#8221;1\/2&#8243; tablet_width_inherit=&#8221;default&#8221; tablet_text_alignment=&#8221;default&#8221; phone_text_alignment=&#8221;default&#8221; column_border_width=&#8221;none&#8221; column_border_style=&#8221;solid&#8221; bg_image_animation=&#8221;none&#8221;][nectar_highlighted_text color_type=&#8221;regular&#8221; style=&#8221;full_text&#8221;]\n<h2 class=\"p1\">A Documentary on Home Care in Brazil<\/h2>\n[\/nectar_highlighted_text][vc_column_text]<span style=\"font-weight: 400;\">The book portrays the lives of patients who can enjoy the comfort of their families through home treatment, an initiative that is still little publicized in Brazil, but cheaper for the government and that provides a higher quality of life.<\/span><\/p>\n<p><span style=\"font-weight: 400;\">Andr\u00e9 Fran\u00e7ois exposes in the book two distinct realities: that of large urban centers, which have a good medical and hospital structure, and that of isolated regions, with little access to the health system.<\/span><\/p>\n<p><span style=\"font-weight: 400;\">The book also features a series of images made by the characters themselves, who, invited by the ImageMagica team, demonstrated in photographs what it means for them to be able to be cared for at home.<\/span>[\/vc_column_text][\/vc_column][\/vc_row][vc_row type=&#8221;full_width_content&#8221; full_screen_row_position=&#8221;middle&#8221; column_margin=&#8221;90px&#8221; equal_height=&#8221;yes&#8221; content_placement=&#8221;middle&#8221; column_direction=&#8221;default&#8221; column_direction_tablet=&#8221;default&#8221; column_direction_phone=&#8221;default&#8221; bg_color=&#8221;#ffffff&#8221; scene_position=&#8221;center&#8221; top_padding=&#8221;2%&#8221; bottom_padding=&#8221;6%&#8221; text_color=&#8221;dark&#8221; text_align=&#8221;left&#8221; row_border_radius=&#8221;none&#8221; row_border_radius_applies=&#8221;bg&#8221; overlay_strength=&#8221;0.3&#8243; gradient_direction=&#8221;left_to_right&#8221; shape_divider_position=&#8221;bottom&#8221; bg_image_animation=&#8221;none&#8221; shape_type=&#8221;&#8221;][vc_column column_padding=&#8221;padding-2-percent&#8221; column_padding_tablet=&#8221;inherit&#8221; column_padding_phone=&#8221;inherit&#8221; column_padding_position=&#8221;all&#8221; background_color_opacity=&#8221;1&#8243; background_hover_color_opacity=&#8221;1&#8243; column_shadow=&#8221;none&#8221; column_border_radius=&#8221;none&#8221; column_link_target=&#8221;_self&#8221; gradient_direction=&#8221;left_to_right&#8221; overlay_strength=&#8221;0.3&#8243; width=&#8221;1\/6&#8243; tablet_width_inherit=&#8221;default&#8221; tablet_text_alignment=&#8221;default&#8221; phone_text_alignment=&#8221;default&#8221; column_border_width=&#8221;none&#8221; column_border_style=&#8221;solid&#8221; bg_image_animation=&#8221;none&#8221;][\/vc_column][vc_column column_padding=&#8221;no-extra-padding&#8221; column_padding_tablet=&#8221;inherit&#8221; column_padding_phone=&#8221;inherit&#8221; column_padding_position=&#8221;all&#8221; background_color_opacity=&#8221;1&#8243; background_hover_color_opacity=&#8221;1&#8243; column_shadow=&#8221;none&#8221; column_border_radius=&#8221;none&#8221; column_link_target=&#8221;_self&#8221; gradient_direction=&#8221;left_to_right&#8221; overlay_strength=&#8221;0.3&#8243; width=&#8221;4\/6&#8243; tablet_width_inherit=&#8221;default&#8221; tablet_text_alignment=&#8221;default&#8221; phone_text_alignment=&#8221;default&#8221; column_border_width=&#8221;none&#8221; column_border_style=&#8221;solid&#8221; bg_image_animation=&#8221;none&#8221;][vc_raw_html]JTNDaWZyYW1lJTIwd2lkdGglM0QlMjI1NjAlMjIlMjBoZWlnaHQlM0QlMjIzMTUlMjIlMjBzcmMlM0QlMjJodHRwcyUzQSUyRiUyRnd3dy55b3V0dWJlLmNvbSUyRmVtYmVkJTJGYzRUMnhsV1JBUU0lMjIlMjBmcmFtZWJvcmRlciUzRCUyMjAlMjIlMjBhbGxvdyUzRCUyMmFjY2VsZXJvbWV0ZXIlM0IlMjBhdXRvcGxheSUzQiUyMGVuY3J5cHRlZC1tZWRpYSUzQiUyMGd5cm9zY29wZSUzQiUyMHBpY3R1cmUtaW4tcGljdHVyZSUyMiUyMGFsbG93ZnVsbHNjcmVlbiUzRSUzQyUyRmlmcmFtZSUzRQ==[\/vc_raw_html][\/vc_column][vc_column column_padding=&#8221;no-extra-padding&#8221; column_padding_tablet=&#8221;inherit&#8221; column_padding_phone=&#8221;inherit&#8221; column_padding_position=&#8221;all&#8221; background_color_opacity=&#8221;1&#8243; background_hover_color_opacity=&#8221;1&#8243; column_shadow=&#8221;none&#8221; column_border_radius=&#8221;none&#8221; column_link_target=&#8221;_self&#8221; gradient_direction=&#8221;left_to_right&#8221; overlay_strength=&#8221;0.3&#8243; width=&#8221;1\/6&#8243; tablet_width_inherit=&#8221;default&#8221; tablet_text_alignment=&#8221;default&#8221; phone_text_alignment=&#8221;default&#8221; column_border_width=&#8221;none&#8221; column_border_style=&#8221;solid&#8221; bg_image_animation=&#8221;none&#8221;][\/vc_column][\/vc_row][vc_row type=&#8221;full_width_content&#8221; full_screen_row_position=&#8221;middle&#8221; column_margin=&#8221;default&#8221; column_direction=&#8221;default&#8221; column_direction_tablet=&#8221;default&#8221; column_direction_phone=&#8221;default&#8221; scene_position=&#8221;center&#8221; text_color=&#8221;dark&#8221; text_align=&#8221;left&#8221; row_border_radius=&#8221;none&#8221; row_border_radius_applies=&#8221;bg&#8221; overlay_strength=&#8221;0.3&#8243; gradient_direction=&#8221;left_to_right&#8221; shape_divider_position=&#8221;bottom&#8221; bg_image_animation=&#8221;none&#8221; shape_type=&#8221;&#8221;][vc_column column_padding=&#8221;no-extra-padding&#8221; column_padding_tablet=&#8221;inherit&#8221; column_padding_phone=&#8221;inherit&#8221; column_padding_position=&#8221;all&#8221; background_color_opacity=&#8221;1&#8243; background_hover_color_opacity=&#8221;1&#8243; column_shadow=&#8221;none&#8221; column_border_radius=&#8221;none&#8221; column_link_target=&#8221;_self&#8221; gradient_direction=&#8221;left_to_right&#8221; overlay_strength=&#8221;0.3&#8243; width=&#8221;1\/1&#8243; tablet_width_inherit=&#8221;default&#8221; tablet_text_alignment=&#8221;default&#8221; phone_text_alignment=&#8221;default&#8221; column_border_width=&#8221;none&#8221; column_border_style=&#8221;solid&#8221; bg_image_animation=&#8221;none&#8221;][vc_gallery type=&#8221;image_grid&#8221; images=&#8221;7700,7701,7702,7703,7704,7705,7706,7766&#8243; layout=&#8221;4&#8243; item_spacing=&#8221;default&#8221; gallery_style=&#8221;7&#8243; load_in_animation=&#8221;none&#8221; img_size=&#8221;400&#215;400&#8243;][\/vc_column][\/vc_row]\n","protected":false},"excerpt":{"rendered":"<p>[vc_row type=&#8221;full_width_background&#8221; full_screen_row_position=&#8221;middle&#8221; column_margin=&#8221;default&#8221; column_direction=&#8221;default&#8221; column_direction_tablet=&#8221;default&#8221; column_direction_phone=&#8221;default&#8221; bg_image=&#8221;7545&#8243; bg_position=&#8221;center bottom&#8221; bg_repeat=&#8221;no-repeat&#8221; scene_position=&#8221;center&#8221; top_padding=&#8221;25%&#8221; bottom_padding=&#8221;0%&#8221; text_color=&#8221;light&#8221; text_align=&#8221;left&#8221; row_border_radius=&#8221;none&#8221; row_border_radius_applies=&#8221;bg&#8221; enable_gradient=&#8221;true&#8221; color_overlay=&#8221;rgba(0,0,0,0.01)&#8221; color_overlay_2=&#8221;#000000&#8243; overlay_strength=&#8221;0.8&#8243; gradient_direction=&#8221;top_to_bottom&#8221; shape_divider_position=&#8221;bottom&#8221; bg_image_animation=&#8221;none&#8221; parallax_bg=&#8221;true&#8221; parallax_bg_speed=&#8221;fast&#8221; shape_type=&#8221;&#8221;][vc_column column_padding=&#8221;no-extra-padding&#8221; column_padding_tablet=&#8221;inherit&#8221;&#8230;<\/p>\n","protected":false},"author":2,"featured_media":7545,"parent":0,"menu_order":0,"comment_status":"closed","ping_status":"closed","template":"","meta":{"footnotes":""},"class_list":["post-10450","page","type-page","status-publish","has-post-thumbnail"],"yoast_head":"<!-- This site is optimized with the Yoast SEO plugin v22.4 - https:\/\/yoast.com\/wordpress\/plugins\/seo\/ -->\n<title>De Volta Para Casa - Andr\u00e9 Fran\u00e7ois<\/title>\n<meta name=\"robots\" content=\"index, follow, max-snippet:-1, max-image-preview:large, max-video-preview:-1\" \/>\n<link rel=\"canonical\" href=\"https:\/\/andrefrancois.com.br\/de-volta-para-casa\/\" \/>\n<meta property=\"og:locale\" content=\"en_US\" \/>\n<meta property=\"og:locale:alternate\" content=\"pt_BR\" \/>\n<meta property=\"og:type\" content=\"article\" \/>\n<meta property=\"og:title\" content=\"De Volta Para Casa\" \/>\n<meta property=\"og:description\" content=\"[vc_row type=&#8221;full_width_background&#8221; full_screen_row_position=&#8221;middle&#8221; column_margin=&#8221;default&#8221; column_direction=&#8221;default&#8221; column_direction_tablet=&#8221;default&#8221; column_direction_phone=&#8221;default&#8221; bg_image=&#8221;7545&#8243; bg_position=&#8221;center bottom&#8221; bg_repeat=&#8221;no-repeat&#8221; scene_position=&#8221;center&#8221; top_padding=&#8221;25%&#8221; bottom_padding=&#8221;0%&#8221; text_color=&#8221;light&#8221; text_align=&#8221;left&#8221; row_border_radius=&#8221;none&#8221; row_border_radius_applies=&#8221;bg&#8221; enable_gradient=&#8221;true&#8221; color_overlay=&#8221;rgba(0,0,0,0.01)&#8221; color_overlay_2=&#8221;#000000&#8243; overlay_strength=&#8221;0.8&#8243; gradient_direction=&#8221;top_to_bottom&#8221; shape_divider_position=&#8221;bottom&#8221; bg_image_animation=&#8221;none&#8221; parallax_bg=&#8221;true&#8221; parallax_bg_speed=&#8221;fast&#8221; shape_type=&#8221;&#8221;][vc_column column_padding=&#8221;no-extra-padding&#8221; column_padding_tablet=&#8221;inherit&#8221;...\" \/>\n<meta property=\"og:url\" content=\"https:\/\/andrefrancois.com.br\/en\/de-volta-para-casa\/\" \/>\n<meta property=\"og:site_name\" content=\"Andr\u00e9 Fran\u00e7ois\" \/>\n<meta property=\"og:image\" content=\"https:\/\/andrefrancois.com.br\/wp-content\/uploads\/2020\/06\/1_AF10_05291.jpg\" \/>\n\t<meta property=\"og:image:width\" content=\"1200\" \/>\n\t<meta property=\"og:image:height\" content=\"800\" \/>\n\t<meta property=\"og:image:type\" content=\"image\/jpeg\" \/>\n<meta name=\"twitter:card\" content=\"summary_large_image\" \/>\n<meta name=\"twitter:label1\" content=\"Est. reading time\" \/>\n\t<meta name=\"twitter:data1\" content=\"11 minutes\" \/>\n<script type=\"application\/ld+json\" class=\"yoast-schema-graph\">{\"@context\":\"https:\/\/schema.org\",\"@graph\":[{\"@type\":\"WebPage\",\"@id\":\"https:\/\/andrefrancois.com.br\/de-volta-para-casa\/\",\"url\":\"https:\/\/andrefrancois.com.br\/de-volta-para-casa\/\",\"name\":\"[:pt]De Volta Para Casa[:en]De Volta Para Casa[:] - Andr\u00e9 Fran\u00e7ois\",\"isPartOf\":{\"@id\":\"https:\/\/andrefrancois.com.br\/#website\"},\"primaryImageOfPage\":{\"@id\":\"https:\/\/andrefrancois.com.br\/de-volta-para-casa\/#primaryimage\"},\"image\":{\"@id\":\"https:\/\/andrefrancois.com.br\/de-volta-para-casa\/#primaryimage\"},\"thumbnailUrl\":\"https:\/\/andrefrancois.com.br\/wp-content\/uploads\/2020\/06\/1_AF10_05291.jpg\",\"datePublished\":\"2021-12-21T16:29:03+00:00\",\"dateModified\":\"2021-12-21T16:29:03+00:00\",\"breadcrumb\":{\"@id\":\"https:\/\/andrefrancois.com.br\/de-volta-para-casa\/#breadcrumb\"},\"inLanguage\":\"en-US\",\"potentialAction\":[{\"@type\":\"ReadAction\",\"target\":[\"https:\/\/andrefrancois.com.br\/de-volta-para-casa\/\"]}]},{\"@type\":\"ImageObject\",\"inLanguage\":\"en-US\",\"@id\":\"https:\/\/andrefrancois.com.br\/de-volta-para-casa\/#primaryimage\",\"url\":\"https:\/\/andrefrancois.com.br\/wp-content\/uploads\/2020\/06\/1_AF10_05291.jpg\",\"contentUrl\":\"https:\/\/andrefrancois.com.br\/wp-content\/uploads\/2020\/06\/1_AF10_05291.jpg\",\"width\":1200,\"height\":800,\"caption\":\"[:pt](EDUCACIONAL) Fomos \u00e0 casa de Lucas acompanhando a enfermeira supervisora, l\u00e1 encontramos com a t\u00e9cnica de enfermagem que fica 24 horas e tamb\u00e9m com a fisioterapeuta. Al\u00e9m disso, seus pais tamb\u00e9m estavam presentes. Eles moram em uma casa simples na periferia da cidade, por\u00e9m, Lucas tem seu pr\u00f3prio quarto que foi adaptado para receb\u00ea-lo, possui cama hospitalar, pia para lavar as m\u00e3os e os equipamentos respirat\u00f3rios. Primeiramente gravamos uma entrevista com os pais, onde colhemos um pouco da hist\u00f3ria do menino. Contaram que Lucas est\u00e1 em home care h\u00e1 7 anos, a gravidez da m\u00e3e foi normal e logo ap\u00f3s o nascimento, o menino come\u00e7ou a apresentar uma hipotonia, n\u00e3o justificada. Apresentou tamb\u00e9m uma insufici\u00eancia respirat\u00f3ria que o fez permanecer por 9 meses na UTI. Hoje seu diagn\u00f3stico \u00e9 distrofia muscular progressiva e mais alguma patologia que ainda n\u00e3o foi definida. Os pais foram muito receptivos e contaram com empolga\u00e7\u00e3o tudo o que fazem para que o filho leve uma vida normal. Lucas vai a escola, faz passeios no shopping, praia e parque. Gosta muito de computador e assiste muitos filmes de super-her\u00f3is nele. Quem nos levou at\u00e9 a casa deles, foi a supervisora de enfermagem que acompanha o caso de Lucas. L\u00e1 conhecemos Gracione Soares dos Santos, a t\u00e9cnica de enfermagem que fica 12 horas dentro da casa deles. Seu relacionamento com Lucas nos chamou muito a aten\u00e7\u00e3o, ela \u00e9 bastante pr\u00f3xima dele e se comunica o tempo todo com o menino. Al\u00e9m dela, tamb\u00e9m estava l\u00e1 a fisioterapeuta de Lucas, que recebe as sess\u00f5es todos os dias. E ela tamb\u00e9m participou da oficina fazendo uma foto de seu atendimento. (DOCUMENTARIO) Lucas tem 8 anos e h\u00e1 7 est\u00e1 em atendimento domiciliar. Foi diagnosticado com distrofia muscular; n\u00e3o fala, n\u00e3o anda e se comunica com leves gestos de cabe\u00e7a. Os pais s\u00e3o dedicados; nos encontramos com toda a fam\u00edlia e Gracione, t\u00e9cnica de enfermagem, na praia de Boa Viagem. Todos estavam animados. Elissandro logo ti[:]\"},{\"@type\":\"BreadcrumbList\",\"@id\":\"https:\/\/andrefrancois.com.br\/de-volta-para-casa\/#breadcrumb\",\"itemListElement\":[{\"@type\":\"ListItem\",\"position\":1,\"name\":\"In\u00edcio\",\"item\":\"https:\/\/andrefrancois.com.br\/\"},{\"@type\":\"ListItem\",\"position\":2,\"name\":\"De Volta Para Casa\"}]},{\"@type\":\"WebSite\",\"@id\":\"https:\/\/andrefrancois.com.br\/#website\",\"url\":\"https:\/\/andrefrancois.com.br\/\",\"name\":\"Andr\u00e9 Fran\u00e7ois\",\"description\":\"Andr\u00e9 Fran\u00e7ois\",\"potentialAction\":[{\"@type\":\"SearchAction\",\"target\":{\"@type\":\"EntryPoint\",\"urlTemplate\":\"https:\/\/andrefrancois.com.br\/?s={search_term_string}\"},\"query-input\":\"required name=search_term_string\"}],\"inLanguage\":\"en-US\"}]}<\/script>\n<!-- \/ Yoast SEO plugin. -->","yoast_head_json":{"title":"De Volta Para Casa - Andr\u00e9 Fran\u00e7ois","robots":{"index":"index","follow":"follow","max-snippet":"max-snippet:-1","max-image-preview":"max-image-preview:large","max-video-preview":"max-video-preview:-1"},"canonical":"https:\/\/andrefrancois.com.br\/de-volta-para-casa\/","og_locale":"en_US","og_type":"article","og_title":"[:pt]De Volta Para Casa[:en]De Volta Para Casa[:] - Andr\u00e9 Fran\u00e7ois","og_description":"[vc_row type=&#8221;full_width_background&#8221; full_screen_row_position=&#8221;middle&#8221; column_margin=&#8221;default&#8221; column_direction=&#8221;default&#8221; column_direction_tablet=&#8221;default&#8221; column_direction_phone=&#8221;default&#8221; bg_image=&#8221;7545&#8243; bg_position=&#8221;center bottom&#8221; bg_repeat=&#8221;no-repeat&#8221; scene_position=&#8221;center&#8221; top_padding=&#8221;25%&#8221; bottom_padding=&#8221;0%&#8221; text_color=&#8221;light&#8221; text_align=&#8221;left&#8221; row_border_radius=&#8221;none&#8221; row_border_radius_applies=&#8221;bg&#8221; enable_gradient=&#8221;true&#8221; color_overlay=&#8221;rgba(0,0,0,0.01)&#8221; color_overlay_2=&#8221;#000000&#8243; overlay_strength=&#8221;0.8&#8243; gradient_direction=&#8221;top_to_bottom&#8221; shape_divider_position=&#8221;bottom&#8221; bg_image_animation=&#8221;none&#8221; parallax_bg=&#8221;true&#8221; parallax_bg_speed=&#8221;fast&#8221; shape_type=&#8221;&#8221;][vc_column column_padding=&#8221;no-extra-padding&#8221; column_padding_tablet=&#8221;inherit&#8221;...","og_url":"https:\/\/andrefrancois.com.br\/en\/de-volta-para-casa\/","og_site_name":"Andr\u00e9 Fran\u00e7ois","og_image":[{"width":1200,"height":800,"url":"https:\/\/andrefrancois.com.br\/wp-content\/uploads\/2020\/06\/1_AF10_05291.jpg","type":"image\/jpeg"}],"twitter_card":"summary_large_image","twitter_misc":{"Est. reading time":"11 minutes"},"schema":{"@context":"https:\/\/schema.org","@graph":[{"@type":"WebPage","@id":"https:\/\/andrefrancois.com.br\/de-volta-para-casa\/","url":"https:\/\/andrefrancois.com.br\/de-volta-para-casa\/","name":"[:pt]De Volta Para Casa[:en]De Volta Para Casa[:] - Andr\u00e9 Fran\u00e7ois","isPartOf":{"@id":"https:\/\/andrefrancois.com.br\/#website"},"primaryImageOfPage":{"@id":"https:\/\/andrefrancois.com.br\/de-volta-para-casa\/#primaryimage"},"image":{"@id":"https:\/\/andrefrancois.com.br\/de-volta-para-casa\/#primaryimage"},"thumbnailUrl":"https:\/\/andrefrancois.com.br\/wp-content\/uploads\/2020\/06\/1_AF10_05291.jpg","datePublished":"2021-12-21T16:29:03+00:00","dateModified":"2021-12-21T16:29:03+00:00","breadcrumb":{"@id":"https:\/\/andrefrancois.com.br\/de-volta-para-casa\/#breadcrumb"},"inLanguage":"en-US","potentialAction":[{"@type":"ReadAction","target":["https:\/\/andrefrancois.com.br\/de-volta-para-casa\/"]}]},{"@type":"ImageObject","inLanguage":"en-US","@id":"https:\/\/andrefrancois.com.br\/de-volta-para-casa\/#primaryimage","url":"https:\/\/andrefrancois.com.br\/wp-content\/uploads\/2020\/06\/1_AF10_05291.jpg","contentUrl":"https:\/\/andrefrancois.com.br\/wp-content\/uploads\/2020\/06\/1_AF10_05291.jpg","width":1200,"height":800,"caption":"[:pt](EDUCACIONAL) Fomos \u00e0 casa de Lucas acompanhando a enfermeira supervisora, l\u00e1 encontramos com a t\u00e9cnica de enfermagem que fica 24 horas e tamb\u00e9m com a fisioterapeuta. Al\u00e9m disso, seus pais tamb\u00e9m estavam presentes. Eles moram em uma casa simples na periferia da cidade, por\u00e9m, Lucas tem seu pr\u00f3prio quarto que foi adaptado para receb\u00ea-lo, possui cama hospitalar, pia para lavar as m\u00e3os e os equipamentos respirat\u00f3rios. Primeiramente gravamos uma entrevista com os pais, onde colhemos um pouco da hist\u00f3ria do menino. Contaram que Lucas est\u00e1 em home care h\u00e1 7 anos, a gravidez da m\u00e3e foi normal e logo ap\u00f3s o nascimento, o menino come\u00e7ou a apresentar uma hipotonia, n\u00e3o justificada. Apresentou tamb\u00e9m uma insufici\u00eancia respirat\u00f3ria que o fez permanecer por 9 meses na UTI. Hoje seu diagn\u00f3stico \u00e9 distrofia muscular progressiva e mais alguma patologia que ainda n\u00e3o foi definida. Os pais foram muito receptivos e contaram com empolga\u00e7\u00e3o tudo o que fazem para que o filho leve uma vida normal. Lucas vai a escola, faz passeios no shopping, praia e parque. Gosta muito de computador e assiste muitos filmes de super-her\u00f3is nele. Quem nos levou at\u00e9 a casa deles, foi a supervisora de enfermagem que acompanha o caso de Lucas. L\u00e1 conhecemos Gracione Soares dos Santos, a t\u00e9cnica de enfermagem que fica 12 horas dentro da casa deles. Seu relacionamento com Lucas nos chamou muito a aten\u00e7\u00e3o, ela \u00e9 bastante pr\u00f3xima dele e se comunica o tempo todo com o menino. Al\u00e9m dela, tamb\u00e9m estava l\u00e1 a fisioterapeuta de Lucas, que recebe as sess\u00f5es todos os dias. E ela tamb\u00e9m participou da oficina fazendo uma foto de seu atendimento. (DOCUMENTARIO) Lucas tem 8 anos e h\u00e1 7 est\u00e1 em atendimento domiciliar. Foi diagnosticado com distrofia muscular; n\u00e3o fala, n\u00e3o anda e se comunica com leves gestos de cabe\u00e7a. Os pais s\u00e3o dedicados; nos encontramos com toda a fam\u00edlia e Gracione, t\u00e9cnica de enfermagem, na praia de Boa Viagem. Todos estavam animados. Elissandro logo ti[:]"},{"@type":"BreadcrumbList","@id":"https:\/\/andrefrancois.com.br\/de-volta-para-casa\/#breadcrumb","itemListElement":[{"@type":"ListItem","position":1,"name":"In\u00edcio","item":"https:\/\/andrefrancois.com.br\/"},{"@type":"ListItem","position":2,"name":"De Volta Para Casa"}]},{"@type":"WebSite","@id":"https:\/\/andrefrancois.com.br\/#website","url":"https:\/\/andrefrancois.com.br\/","name":"Andr\u00e9 Fran\u00e7ois","description":"Andr\u00e9 Fran\u00e7ois","potentialAction":[{"@type":"SearchAction","target":{"@type":"EntryPoint","urlTemplate":"https:\/\/andrefrancois.com.br\/?s={search_term_string}"},"query-input":"required name=search_term_string"}],"inLanguage":"en-US"}]}},"_links":{"self":[{"href":"https:\/\/andrefrancois.com.br\/en\/wp-json\/wp\/v2\/pages\/10450","targetHints":{"allow":["GET"]}}],"collection":[{"href":"https:\/\/andrefrancois.com.br\/en\/wp-json\/wp\/v2\/pages"}],"about":[{"href":"https:\/\/andrefrancois.com.br\/en\/wp-json\/wp\/v2\/types\/page"}],"author":[{"embeddable":true,"href":"https:\/\/andrefrancois.com.br\/en\/wp-json\/wp\/v2\/users\/2"}],"replies":[{"embeddable":true,"href":"https:\/\/andrefrancois.com.br\/en\/wp-json\/wp\/v2\/comments?post=10450"}],"version-history":[{"count":0,"href":"https:\/\/andrefrancois.com.br\/en\/wp-json\/wp\/v2\/pages\/10450\/revisions"}],"wp:featuredmedia":[{"embeddable":true,"href":"https:\/\/andrefrancois.com.br\/en\/wp-json\/wp\/v2\/media\/7545"}],"wp:attachment":[{"href":"https:\/\/andrefrancois.com.br\/en\/wp-json\/wp\/v2\/media?parent=10450"}],"curies":[{"name":"wp","href":"https:\/\/api.w.org\/{rel}","templated":true}]}}