{"id":10452,"date":"2021-12-11T19:15:56","date_gmt":"2021-12-11T22:15:56","guid":{"rendered":"https:\/\/imm.ong\/?page_id=10019"},"modified":"2024-08-29T12:07:14","modified_gmt":"2024-08-29T15:07:14","slug":"a-curva-e-o-caminho","status":"publish","type":"page","link":"https:\/\/andrefrancois.com.br\/en\/a-curva-e-o-caminho\/","title":{"rendered":"A Curva e O Caminho"},"content":{"rendered":"[vc_row type=&#8221;full_width_background&#8221; full_screen_row_position=&#8221;middle&#8221; column_margin=&#8221;default&#8221; column_direction=&#8221;default&#8221; column_direction_tablet=&#8221;default&#8221; column_direction_phone=&#8221;default&#8221; bg_image=&#8221;7562&#8243; bg_position=&#8221;center center&#8221; bg_repeat=&#8221;no-repeat&#8221; scene_position=&#8221;center&#8221; top_padding=&#8221;25%&#8221; bottom_padding=&#8221;0%&#8221; text_color=&#8221;light&#8221; text_align=&#8221;left&#8221; row_border_radius=&#8221;none&#8221; row_border_radius_applies=&#8221;bg&#8221; enable_gradient=&#8221;true&#8221; color_overlay=&#8221;rgba(0,0,0,0.01)&#8221; color_overlay_2=&#8221;#000000&#8243; overlay_strength=&#8221;0.8&#8243; gradient_direction=&#8221;top_to_bottom&#8221; shape_divider_position=&#8221;bottom&#8221; bg_image_animation=&#8221;none&#8221; parallax_bg=&#8221;true&#8221; parallax_bg_speed=&#8221;fast&#8221; shape_type=&#8221;&#8221;][vc_column column_padding=&#8221;no-extra-padding&#8221; column_padding_tablet=&#8221;inherit&#8221; column_padding_phone=&#8221;inherit&#8221; column_padding_position=&#8221;all&#8221; background_color_opacity=&#8221;1&#8243; background_hover_color_opacity=&#8221;1&#8243; column_shadow=&#8221;none&#8221; column_border_radius=&#8221;none&#8221; column_link_target=&#8221;_self&#8221; gradient_direction=&#8221;left_to_right&#8221; overlay_strength=&#8221;0.3&#8243; width=&#8221;1\/1&#8243; tablet_width_inherit=&#8221;default&#8221; tablet_text_alignment=&#8221;default&#8221; phone_text_alignment=&#8221;default&#8221; column_border_width=&#8221;none&#8221; column_border_style=&#8221;solid&#8221; bg_image_animation=&#8221;none&#8221;][vc_row_inner content_placement=&#8221;bottom&#8221; column_margin=&#8221;default&#8221; column_direction=&#8221;default&#8221; column_direction_tablet=&#8221;default&#8221; column_direction_phone=&#8221;default&#8221; text_align=&#8221;left&#8221;][vc_column_inner column_padding=&#8221;padding-5-percent&#8221; column_padding_tablet=&#8221;inherit&#8221; column_padding_phone=&#8221;inherit&#8221; column_padding_position=&#8221;all&#8221; background_color_opacity=&#8221;1&#8243; background_hover_color_opacity=&#8221;1&#8243; column_shadow=&#8221;none&#8221; column_border_radius=&#8221;none&#8221; column_link_target=&#8221;_self&#8221; gradient_direction=&#8221;left_to_right&#8221; overlay_strength=&#8221;0.3&#8243; width=&#8221;1\/1&#8243; tablet_width_inherit=&#8221;default&#8221; column_border_width=&#8221;none&#8221; column_border_style=&#8221;solid&#8221; bg_image_animation=&#8221;none&#8221;][nectar_highlighted_text color_type=&#8221;regular&#8221; style=&#8221;full_text&#8221;]\n<h1>A Curva e O Caminho<\/h1>\n[\/nectar_highlighted_text][\/vc_column_inner][\/vc_row_inner][\/vc_column][\/vc_row][vc_row type=&#8221;full_width_content&#8221; full_screen_row_position=&#8221;middle&#8221; column_margin=&#8221;90px&#8221; equal_height=&#8221;yes&#8221; content_placement=&#8221;middle&#8221; column_direction=&#8221;default&#8221; column_direction_tablet=&#8221;default&#8221; column_direction_phone=&#8221;default&#8221; bg_color=&#8221;#ffffff&#8221; scene_position=&#8221;center&#8221; bottom_padding=&#8221;3%&#8221; text_color=&#8221;dark&#8221; text_align=&#8221;left&#8221; row_border_radius=&#8221;none&#8221; row_border_radius_applies=&#8221;bg&#8221; overlay_strength=&#8221;0.3&#8243; gradient_direction=&#8221;left_to_right&#8221; shape_divider_position=&#8221;bottom&#8221; bg_image_animation=&#8221;none&#8221; shape_type=&#8221;&#8221;][vc_column column_padding=&#8221;padding-2-percent&#8221; column_padding_tablet=&#8221;inherit&#8221; column_padding_phone=&#8221;inherit&#8221; column_padding_position=&#8221;all&#8221; background_color_opacity=&#8221;1&#8243; background_hover_color_opacity=&#8221;1&#8243; column_shadow=&#8221;none&#8221; column_border_radius=&#8221;none&#8221; column_link_target=&#8221;_self&#8221; gradient_direction=&#8221;left_to_right&#8221; overlay_strength=&#8221;0.3&#8243; width=&#8221;1\/2&#8243; tablet_width_inherit=&#8221;default&#8221; tablet_text_alignment=&#8221;default&#8221; phone_text_alignment=&#8221;default&#8221; column_border_width=&#8221;none&#8221; column_border_style=&#8221;solid&#8221; bg_image_animation=&#8221;none&#8221;][image_with_animation image_url=&#8221;7561&#8243; animation=&#8221;Fade In&#8221; hover_animation=&#8221;none&#8221; alignment=&#8221;&#8221; border_radius=&#8221;none&#8221; box_shadow=&#8221;none&#8221; image_loading=&#8221;default&#8221; max_width=&#8221;100%&#8221; max_width_mobile=&#8221;default&#8221;][\/vc_column][vc_column column_padding=&#8221;no-extra-padding&#8221; column_padding_tablet=&#8221;inherit&#8221; column_padding_phone=&#8221;inherit&#8221; column_padding_position=&#8221;all&#8221; background_color_opacity=&#8221;1&#8243; background_hover_color_opacity=&#8221;1&#8243; column_shadow=&#8221;none&#8221; column_border_radius=&#8221;none&#8221; column_link_target=&#8221;_self&#8221; gradient_direction=&#8221;left_to_right&#8221; overlay_strength=&#8221;0.3&#8243; width=&#8221;1\/2&#8243; tablet_width_inherit=&#8221;default&#8221; tablet_text_alignment=&#8221;default&#8221; phone_text_alignment=&#8221;default&#8221; column_border_width=&#8221;none&#8221; column_border_style=&#8221;solid&#8221; bg_image_animation=&#8221;none&#8221;][nectar_highlighted_text color_type=&#8221;regular&#8221; style=&#8221;full_text&#8221;]\n<h2 class=\"p1\">Access to Healthcare in Brazil<\/h2>\n[\/nectar_highlighted_text][vc_column_text]<span style=\"font-weight: 400;\">After finishing the book Caring (2006), Andr\u00e9 Fran\u00e7ois realized the importance of documenting the sagas of people in search of access to health in the country. In this work, the photographer reveals inspiring stories that show the challenges of doing health in a country as vast as Brazil.<\/span><\/p>\n<p><span style=\"font-weight: 400;\">The Unified Health System (SUS) provides that every citizen has the right to any health treatment, free of charge. In practice, however, many people need to leave their homes in search of care in other cities and even other states.<\/span><\/p>\n<p><span style=\"font-weight: 400;\">In 2008, the book was awarded by the Conrado Wessel Foundation for Art in the Published Photographic Essay category and had images selected for the Pirelli \/ Masp Photography Collection.<\/span>[\/vc_column_text][\/vc_column][\/vc_row][vc_row type=&#8221;full_width_content&#8221; full_screen_row_position=&#8221;middle&#8221; column_margin=&#8221;default&#8221; column_direction=&#8221;default&#8221; column_direction_tablet=&#8221;default&#8221; column_direction_phone=&#8221;default&#8221; scene_position=&#8221;center&#8221; text_color=&#8221;dark&#8221; text_align=&#8221;left&#8221; row_border_radius=&#8221;none&#8221; row_border_radius_applies=&#8221;bg&#8221; overlay_strength=&#8221;0.3&#8243; gradient_direction=&#8221;left_to_right&#8221; shape_divider_position=&#8221;bottom&#8221; bg_image_animation=&#8221;none&#8221; shape_type=&#8221;&#8221;][vc_column column_padding=&#8221;no-extra-padding&#8221; column_padding_tablet=&#8221;inherit&#8221; column_padding_phone=&#8221;inherit&#8221; column_padding_position=&#8221;all&#8221; background_color_opacity=&#8221;1&#8243; background_hover_color_opacity=&#8221;1&#8243; column_shadow=&#8221;none&#8221; column_border_radius=&#8221;none&#8221; column_link_target=&#8221;_self&#8221; gradient_direction=&#8221;left_to_right&#8221; overlay_strength=&#8221;0.3&#8243; width=&#8221;1\/1&#8243; tablet_width_inherit=&#8221;default&#8221; tablet_text_alignment=&#8221;default&#8221; phone_text_alignment=&#8221;default&#8221; column_border_width=&#8221;none&#8221; column_border_style=&#8221;solid&#8221; bg_image_animation=&#8221;none&#8221;][vc_gallery type=&#8221;image_grid&#8221; images=&#8221;7563,7564,7565,7566,7567,7568,7768,7769&#8243; layout=&#8221;4&#8243; item_spacing=&#8221;default&#8221; gallery_style=&#8221;7&#8243; load_in_animation=&#8221;none&#8221; img_size=&#8221;400&#215;400&#8243;][\/vc_column][\/vc_row]\n","protected":false},"excerpt":{"rendered":"<p>[vc_row type=&#8221;full_width_background&#8221; full_screen_row_position=&#8221;middle&#8221; column_margin=&#8221;default&#8221; column_direction=&#8221;default&#8221; column_direction_tablet=&#8221;default&#8221; column_direction_phone=&#8221;default&#8221; bg_image=&#8221;7562&#8243; bg_position=&#8221;center center&#8221; bg_repeat=&#8221;no-repeat&#8221; scene_position=&#8221;center&#8221; top_padding=&#8221;25%&#8221; bottom_padding=&#8221;0%&#8221; text_color=&#8221;light&#8221; text_align=&#8221;left&#8221; row_border_radius=&#8221;none&#8221; row_border_radius_applies=&#8221;bg&#8221; enable_gradient=&#8221;true&#8221; color_overlay=&#8221;rgba(0,0,0,0.01)&#8221; color_overlay_2=&#8221;#000000&#8243; overlay_strength=&#8221;0.8&#8243; gradient_direction=&#8221;top_to_bottom&#8221; shape_divider_position=&#8221;bottom&#8221; bg_image_animation=&#8221;none&#8221; parallax_bg=&#8221;true&#8221; parallax_bg_speed=&#8221;fast&#8221; shape_type=&#8221;&#8221;][vc_column column_padding=&#8221;no-extra-padding&#8221; column_padding_tablet=&#8221;inherit&#8221;&#8230;<\/p>\n","protected":false},"author":2,"featured_media":7562,"parent":0,"menu_order":0,"comment_status":"closed","ping_status":"closed","template":"","meta":{"footnotes":""},"class_list":["post-10452","page","type-page","status-publish","has-post-thumbnail"],"yoast_head":"<!-- This site is optimized with the Yoast SEO plugin v22.4 - https:\/\/yoast.com\/wordpress\/plugins\/seo\/ -->\n<title>A Curva e O Caminho - Andr\u00e9 Fran\u00e7ois<\/title>\n<meta name=\"robots\" content=\"index, follow, max-snippet:-1, max-image-preview:large, max-video-preview:-1\" \/>\n<link rel=\"canonical\" href=\"https:\/\/andrefrancois.com.br\/a-curva-e-o-caminho\/\" \/>\n<meta property=\"og:locale\" content=\"en_US\" \/>\n<meta property=\"og:locale:alternate\" content=\"pt_BR\" \/>\n<meta property=\"og:type\" content=\"article\" \/>\n<meta property=\"og:title\" content=\"A Curva e O Caminho\" \/>\n<meta property=\"og:description\" content=\"[vc_row type=&#8221;full_width_background&#8221; full_screen_row_position=&#8221;middle&#8221; column_margin=&#8221;default&#8221; column_direction=&#8221;default&#8221; column_direction_tablet=&#8221;default&#8221; column_direction_phone=&#8221;default&#8221; bg_image=&#8221;7562&#8243; bg_position=&#8221;center center&#8221; bg_repeat=&#8221;no-repeat&#8221; scene_position=&#8221;center&#8221; top_padding=&#8221;25%&#8221; bottom_padding=&#8221;0%&#8221; text_color=&#8221;light&#8221; text_align=&#8221;left&#8221; row_border_radius=&#8221;none&#8221; row_border_radius_applies=&#8221;bg&#8221; enable_gradient=&#8221;true&#8221; color_overlay=&#8221;rgba(0,0,0,0.01)&#8221; color_overlay_2=&#8221;#000000&#8243; overlay_strength=&#8221;0.8&#8243; gradient_direction=&#8221;top_to_bottom&#8221; shape_divider_position=&#8221;bottom&#8221; bg_image_animation=&#8221;none&#8221; parallax_bg=&#8221;true&#8221; parallax_bg_speed=&#8221;fast&#8221; shape_type=&#8221;&#8221;][vc_column column_padding=&#8221;no-extra-padding&#8221; column_padding_tablet=&#8221;inherit&#8221;...\" \/>\n<meta property=\"og:url\" content=\"https:\/\/andrefrancois.com.br\/en\/a-curva-e-o-caminho\/\" \/>\n<meta property=\"og:site_name\" content=\"Andr\u00e9 Fran\u00e7ois\" \/>\n<meta property=\"article:modified_time\" content=\"2024-08-29T15:07:14+00:00\" \/>\n<meta property=\"og:image\" content=\"https:\/\/andrefrancois.com.br\/wp-content\/uploads\/2020\/06\/1_AF07_06681_T1.jpg\" \/>\n\t<meta property=\"og:image:width\" content=\"1200\" \/>\n\t<meta property=\"og:image:height\" content=\"800\" \/>\n\t<meta property=\"og:image:type\" content=\"image\/jpeg\" \/>\n<meta name=\"twitter:card\" content=\"summary_large_image\" \/>\n<meta name=\"twitter:label1\" content=\"Est. reading time\" \/>\n\t<meta name=\"twitter:data1\" content=\"9 minutes\" \/>\n<script type=\"application\/ld+json\" class=\"yoast-schema-graph\">{\"@context\":\"https:\/\/schema.org\",\"@graph\":[{\"@type\":\"WebPage\",\"@id\":\"https:\/\/andrefrancois.com.br\/a-curva-e-o-caminho\/\",\"url\":\"https:\/\/andrefrancois.com.br\/a-curva-e-o-caminho\/\",\"name\":\"[:pt]A Curva e O Caminho[:en]A Curva e O Caminho[:] - Andr\u00e9 Fran\u00e7ois\",\"isPartOf\":{\"@id\":\"https:\/\/andrefrancois.com.br\/#website\"},\"primaryImageOfPage\":{\"@id\":\"https:\/\/andrefrancois.com.br\/a-curva-e-o-caminho\/#primaryimage\"},\"image\":{\"@id\":\"https:\/\/andrefrancois.com.br\/a-curva-e-o-caminho\/#primaryimage\"},\"thumbnailUrl\":\"https:\/\/andrefrancois.com.br\/wp-content\/uploads\/2020\/06\/1_AF07_06681_T1.jpg\",\"datePublished\":\"2021-12-11T22:15:56+00:00\",\"dateModified\":\"2024-08-29T15:07:14+00:00\",\"breadcrumb\":{\"@id\":\"https:\/\/andrefrancois.com.br\/a-curva-e-o-caminho\/#breadcrumb\"},\"inLanguage\":\"en-US\",\"potentialAction\":[{\"@type\":\"ReadAction\",\"target\":[\"https:\/\/andrefrancois.com.br\/a-curva-e-o-caminho\/\"]}]},{\"@type\":\"ImageObject\",\"inLanguage\":\"en-US\",\"@id\":\"https:\/\/andrefrancois.com.br\/a-curva-e-o-caminho\/#primaryimage\",\"url\":\"https:\/\/andrefrancois.com.br\/wp-content\/uploads\/2020\/06\/1_AF07_06681_T1.jpg\",\"contentUrl\":\"https:\/\/andrefrancois.com.br\/wp-content\/uploads\/2020\/06\/1_AF07_06681_T1.jpg\",\"width\":1200,\"height\":800,\"caption\":\"[:pt]Pagina dupla! \/ Maria, uma jovem de 29 anos que faz o tratamento desde 2001. Maria mudou-se para S\u00e3o Luis quando descobriu a doen\u00e7a, pois ainda n\u00e3o havia a possibilidade de transporte de Barreirinha para a capital. Maria passou cinco anos na casa da irm\u00e3, at\u00e9 que soube por uma conhecida que Barreirinha iniciou um servi\u00e7o de transporte para o tratamento de hemodi\u00e1lise na capital. Ainda com medo de n\u00e3o conseguir continuar o tratamento, Maria arriscou a volta \u00e0 sua cidade natal, e pode rever a m\u00e3e e sua filha pequena, que ainda moravam em Barreirinha. O pr\u00f3prio diagn\u00f3stico de Maria levou muito tempo, e depois de percorrer mais de cinco hospitais, Foi no Socorr\u00e3o II que Maria recebeu a not\u00edcia: precisava de tratamento para um problema cr\u00f4nico nos rins. Hoje a mo\u00e7a faz a viagem de Barreirinha tr\u00eas vezes por semana, percurso vencido em tr\u00eas horas. Maria deixou de trabalhar na ro\u00e7a, e hoje sobrevive da venda de artesanatos. Vive com a fam\u00edlia da m\u00e3e, e junta dinheiro para comprar os medicamentos sempre que estes faltam na secretaria municipal de sa\u00fade. Um custo que pode chegar a R$100. Nesta cena Maria esta na dialise, e passara quatro horas filtrando seu sangue. . Imagens tratadas pela Marina[:]\"},{\"@type\":\"BreadcrumbList\",\"@id\":\"https:\/\/andrefrancois.com.br\/a-curva-e-o-caminho\/#breadcrumb\",\"itemListElement\":[{\"@type\":\"ListItem\",\"position\":1,\"name\":\"In\u00edcio\",\"item\":\"https:\/\/andrefrancois.com.br\/\"},{\"@type\":\"ListItem\",\"position\":2,\"name\":\"A Curva e O Caminho\"}]},{\"@type\":\"WebSite\",\"@id\":\"https:\/\/andrefrancois.com.br\/#website\",\"url\":\"https:\/\/andrefrancois.com.br\/\",\"name\":\"Andr\u00e9 Fran\u00e7ois\",\"description\":\"Andr\u00e9 Fran\u00e7ois\",\"potentialAction\":[{\"@type\":\"SearchAction\",\"target\":{\"@type\":\"EntryPoint\",\"urlTemplate\":\"https:\/\/andrefrancois.com.br\/?s={search_term_string}\"},\"query-input\":\"required name=search_term_string\"}],\"inLanguage\":\"en-US\"}]}<\/script>\n<!-- \/ Yoast SEO plugin. -->","yoast_head_json":{"title":"A Curva e O Caminho - Andr\u00e9 Fran\u00e7ois","robots":{"index":"index","follow":"follow","max-snippet":"max-snippet:-1","max-image-preview":"max-image-preview:large","max-video-preview":"max-video-preview:-1"},"canonical":"https:\/\/andrefrancois.com.br\/a-curva-e-o-caminho\/","og_locale":"en_US","og_type":"article","og_title":"[:pt]A Curva e O Caminho[:en]A Curva e O Caminho[:] - Andr\u00e9 Fran\u00e7ois","og_description":"[vc_row type=&#8221;full_width_background&#8221; full_screen_row_position=&#8221;middle&#8221; column_margin=&#8221;default&#8221; column_direction=&#8221;default&#8221; column_direction_tablet=&#8221;default&#8221; column_direction_phone=&#8221;default&#8221; bg_image=&#8221;7562&#8243; bg_position=&#8221;center center&#8221; bg_repeat=&#8221;no-repeat&#8221; scene_position=&#8221;center&#8221; top_padding=&#8221;25%&#8221; bottom_padding=&#8221;0%&#8221; text_color=&#8221;light&#8221; text_align=&#8221;left&#8221; row_border_radius=&#8221;none&#8221; row_border_radius_applies=&#8221;bg&#8221; enable_gradient=&#8221;true&#8221; color_overlay=&#8221;rgba(0,0,0,0.01)&#8221; color_overlay_2=&#8221;#000000&#8243; overlay_strength=&#8221;0.8&#8243; gradient_direction=&#8221;top_to_bottom&#8221; shape_divider_position=&#8221;bottom&#8221; bg_image_animation=&#8221;none&#8221; parallax_bg=&#8221;true&#8221; parallax_bg_speed=&#8221;fast&#8221; shape_type=&#8221;&#8221;][vc_column column_padding=&#8221;no-extra-padding&#8221; column_padding_tablet=&#8221;inherit&#8221;...","og_url":"https:\/\/andrefrancois.com.br\/en\/a-curva-e-o-caminho\/","og_site_name":"Andr\u00e9 Fran\u00e7ois","article_modified_time":"2024-08-29T15:07:14+00:00","og_image":[{"width":1200,"height":800,"url":"https:\/\/andrefrancois.com.br\/wp-content\/uploads\/2020\/06\/1_AF07_06681_T1.jpg","type":"image\/jpeg"}],"twitter_card":"summary_large_image","twitter_misc":{"Est. reading time":"9 minutes"},"schema":{"@context":"https:\/\/schema.org","@graph":[{"@type":"WebPage","@id":"https:\/\/andrefrancois.com.br\/a-curva-e-o-caminho\/","url":"https:\/\/andrefrancois.com.br\/a-curva-e-o-caminho\/","name":"[:pt]A Curva e O Caminho[:en]A Curva e O Caminho[:] - Andr\u00e9 Fran\u00e7ois","isPartOf":{"@id":"https:\/\/andrefrancois.com.br\/#website"},"primaryImageOfPage":{"@id":"https:\/\/andrefrancois.com.br\/a-curva-e-o-caminho\/#primaryimage"},"image":{"@id":"https:\/\/andrefrancois.com.br\/a-curva-e-o-caminho\/#primaryimage"},"thumbnailUrl":"https:\/\/andrefrancois.com.br\/wp-content\/uploads\/2020\/06\/1_AF07_06681_T1.jpg","datePublished":"2021-12-11T22:15:56+00:00","dateModified":"2024-08-29T15:07:14+00:00","breadcrumb":{"@id":"https:\/\/andrefrancois.com.br\/a-curva-e-o-caminho\/#breadcrumb"},"inLanguage":"en-US","potentialAction":[{"@type":"ReadAction","target":["https:\/\/andrefrancois.com.br\/a-curva-e-o-caminho\/"]}]},{"@type":"ImageObject","inLanguage":"en-US","@id":"https:\/\/andrefrancois.com.br\/a-curva-e-o-caminho\/#primaryimage","url":"https:\/\/andrefrancois.com.br\/wp-content\/uploads\/2020\/06\/1_AF07_06681_T1.jpg","contentUrl":"https:\/\/andrefrancois.com.br\/wp-content\/uploads\/2020\/06\/1_AF07_06681_T1.jpg","width":1200,"height":800,"caption":"[:pt]Pagina dupla! \/ Maria, uma jovem de 29 anos que faz o tratamento desde 2001. Maria mudou-se para S\u00e3o Luis quando descobriu a doen\u00e7a, pois ainda n\u00e3o havia a possibilidade de transporte de Barreirinha para a capital. Maria passou cinco anos na casa da irm\u00e3, at\u00e9 que soube por uma conhecida que Barreirinha iniciou um servi\u00e7o de transporte para o tratamento de hemodi\u00e1lise na capital. Ainda com medo de n\u00e3o conseguir continuar o tratamento, Maria arriscou a volta \u00e0 sua cidade natal, e pode rever a m\u00e3e e sua filha pequena, que ainda moravam em Barreirinha. O pr\u00f3prio diagn\u00f3stico de Maria levou muito tempo, e depois de percorrer mais de cinco hospitais, Foi no Socorr\u00e3o II que Maria recebeu a not\u00edcia: precisava de tratamento para um problema cr\u00f4nico nos rins. Hoje a mo\u00e7a faz a viagem de Barreirinha tr\u00eas vezes por semana, percurso vencido em tr\u00eas horas. Maria deixou de trabalhar na ro\u00e7a, e hoje sobrevive da venda de artesanatos. Vive com a fam\u00edlia da m\u00e3e, e junta dinheiro para comprar os medicamentos sempre que estes faltam na secretaria municipal de sa\u00fade. Um custo que pode chegar a R$100. Nesta cena Maria esta na dialise, e passara quatro horas filtrando seu sangue. . Imagens tratadas pela Marina[:]"},{"@type":"BreadcrumbList","@id":"https:\/\/andrefrancois.com.br\/a-curva-e-o-caminho\/#breadcrumb","itemListElement":[{"@type":"ListItem","position":1,"name":"In\u00edcio","item":"https:\/\/andrefrancois.com.br\/"},{"@type":"ListItem","position":2,"name":"A Curva e O Caminho"}]},{"@type":"WebSite","@id":"https:\/\/andrefrancois.com.br\/#website","url":"https:\/\/andrefrancois.com.br\/","name":"Andr\u00e9 Fran\u00e7ois","description":"Andr\u00e9 Fran\u00e7ois","potentialAction":[{"@type":"SearchAction","target":{"@type":"EntryPoint","urlTemplate":"https:\/\/andrefrancois.com.br\/?s={search_term_string}"},"query-input":"required name=search_term_string"}],"inLanguage":"en-US"}]}},"_links":{"self":[{"href":"https:\/\/andrefrancois.com.br\/en\/wp-json\/wp\/v2\/pages\/10452","targetHints":{"allow":["GET"]}}],"collection":[{"href":"https:\/\/andrefrancois.com.br\/en\/wp-json\/wp\/v2\/pages"}],"about":[{"href":"https:\/\/andrefrancois.com.br\/en\/wp-json\/wp\/v2\/types\/page"}],"author":[{"embeddable":true,"href":"https:\/\/andrefrancois.com.br\/en\/wp-json\/wp\/v2\/users\/2"}],"replies":[{"embeddable":true,"href":"https:\/\/andrefrancois.com.br\/en\/wp-json\/wp\/v2\/comments?post=10452"}],"version-history":[{"count":1,"href":"https:\/\/andrefrancois.com.br\/en\/wp-json\/wp\/v2\/pages\/10452\/revisions"}],"predecessor-version":[{"id":10732,"href":"https:\/\/andrefrancois.com.br\/en\/wp-json\/wp\/v2\/pages\/10452\/revisions\/10732"}],"wp:featuredmedia":[{"embeddable":true,"href":"https:\/\/andrefrancois.com.br\/en\/wp-json\/wp\/v2\/media\/7562"}],"wp:attachment":[{"href":"https:\/\/andrefrancois.com.br\/en\/wp-json\/wp\/v2\/media?parent=10452"}],"curies":[{"name":"wp","href":"https:\/\/api.w.org\/{rel}","templated":true}]}}