{"id":9904,"date":"2021-10-02T01:05:08","date_gmt":"2021-10-02T01:05:08","guid":{"rendered":"https:\/\/imm.ong\/?page_id=9904"},"modified":"2021-12-21T10:46:41","modified_gmt":"2021-12-21T13:46:41","slug":"termos-uso","status":"publish","type":"page","link":"https:\/\/andrefrancois.com.br\/en\/termos-uso\/","title":{"rendered":"Termos de Uso"},"content":{"rendered":"[vc_row type=&#8221;in_container&#8221; full_screen_row_position=&#8221;middle&#8221; column_margin=&#8221;default&#8221; column_direction=&#8221;default&#8221; column_direction_tablet=&#8221;default&#8221; column_direction_phone=&#8221;default&#8221; scene_position=&#8221;center&#8221; text_color=&#8221;dark&#8221; text_align=&#8221;left&#8221; row_border_radius=&#8221;none&#8221; row_border_radius_applies=&#8221;bg&#8221; overflow=&#8221;visible&#8221; overlay_strength=&#8221;0.3&#8243; gradient_direction=&#8221;left_to_right&#8221; shape_divider_position=&#8221;bottom&#8221; bg_image_animation=&#8221;none&#8221;][vc_column column_padding=&#8221;no-extra-padding&#8221; column_padding_tablet=&#8221;inherit&#8221; column_padding_phone=&#8221;inherit&#8221; column_padding_position=&#8221;all&#8221; column_element_spacing=&#8221;default&#8221; background_color_opacity=&#8221;1&#8243; background_hover_color_opacity=&#8221;1&#8243; column_shadow=&#8221;none&#8221; column_border_radius=&#8221;none&#8221; column_link_target=&#8221;_self&#8221; column_position=&#8221;default&#8221; gradient_direction=&#8221;left_to_right&#8221; overlay_strength=&#8221;0.3&#8243; width=&#8221;1\/1&#8243; tablet_width_inherit=&#8221;default&#8221; tablet_text_alignment=&#8221;default&#8221; phone_text_alignment=&#8221;default&#8221; animation_type=&#8221;default&#8221; bg_image_animation=&#8221;none&#8221; border_type=&#8221;simple&#8221; column_border_width=&#8221;none&#8221; column_border_style=&#8221;solid&#8221;]<div class=\"iwithtext\"><div class=\"iwt-icon\">  <\/div><div class=\"iwt-text\"> \n<p style=\"text-align: center;\"><b>TERMOS DE USO<\/b><\/p>\n<p style=\"text-align: left;\">O site Andr\u00e9 Fran\u00e7ois estabelece nestes Termos de Uso as condi\u00e7\u00f5es para a navega\u00e7\u00e3o, em que o Usu\u00e1rio poder\u00e1 acessar os servi\u00e7os e conte\u00fados disponibilizados, de forma a esclarecer as obriga\u00e7\u00f5es, direitos e responsabilidades do site Andr\u00e9 Fran\u00e7ois e de seus Usu\u00e1rios.<span class=\"Apple-converted-space\">\u00a0<\/span><\/p>\n<p style=\"text-align: left;\">A aceita\u00e7\u00e3o destes Termos de Uso \u00e9 indispens\u00e1vel \u00e0 utiliza\u00e7\u00e3o do site Andr\u00e9 Fran\u00e7ois. Todos os usu\u00e1rios dever\u00e3o ler, entend\u00ea-la e aceit\u00e1-la, afinal, a utiliza\u00e7\u00e3o do site implica na aceita\u00e7\u00e3o total dos Termos de Uso. Caso voc\u00ea n\u00e3o concorde com alguma disposi\u00e7\u00e3o aqui presente, n\u00e3o utilize o site.<\/p>\n<p>&nbsp;<\/p>\n<p><b>RESPONSABILIDADES:<span class=\"Apple-converted-space\">\u00a0<\/span><\/b><\/p>\n<p>O Usu\u00e1rio \u00e9 exclusivamente respons\u00e1vel:<span class=\"Apple-converted-space\">\u00a0<\/span><\/p>\n<ul>\n<li>Por todos e quaisquer atos ou omiss\u00f5es por ele realizados a partir de seu acesso ao Site;<\/li>\n<li>Por todo e qualquer conte\u00fado por ele carregado, enviado e\/ou transmitido ao Site;<span class=\"Apple-converted-space\">\u00a0<\/span><\/li>\n<li>Pela repara\u00e7\u00e3o de todos e quaisquer danos, diretos ou indiretos, que sejam causados ao\u00a0 site Andr\u00e9 Fran\u00e7ois , a qualquer outro Usu\u00e1rio, ou, ainda, a qualquer terceiro, inclusive em virtude do descumprimento do disposto nestes Termo de Uso, direitos de propriedade intelectual, de sigilo, personalidade ou de qualquer ato praticado a partir de seu acesso \u00e0 Internet e ao Site.<span class=\"Apple-converted-space\">\u00a0<\/span><\/li>\n<\/ul>\n<p>Em nenhuma hip\u00f3tese, o site Andr\u00e9 Fran\u00e7ois ser\u00e1 respons\u00e1vel:<span class=\"Apple-converted-space\">\u00a0<\/span><\/p>\n<ul>\n<li>Por qualquer ato ou omiss\u00e3o realizado e\/ou dano causado pelo Usu\u00e1rio decorrente do acesso ao Site;<\/li>\n<li>Pelo uso indevido do Site por qualquer Usu\u00e1rio ou terceiros e\/ou pelos conte\u00fados carregados, enviados e\/ou transmitido ao Site;<span class=\"Apple-converted-space\">\u00a0<\/span><\/li>\n<li>Por falhas, impossibilidades t\u00e9cnicas ou indisponibilidades do sistema;<span class=\"Apple-converted-space\">\u00a0<\/span><\/li>\n<li>Pela instala\u00e7\u00e3o no equipamento do Usu\u00e1rio ou de terceiros, de v\u00edrus, trojans, malware, worm, bot, backdoor, spyware, rootkit, ou de quaisquer outros dispositivos que venham a ser criados, em decorr\u00eancia da navega\u00e7\u00e3o na Internet pelo Usu\u00e1rio.<\/li>\n<\/ul>\n<p><b>PROPRIEDADE INTELECTUAL:<span class=\"Apple-converted-space\">\u00a0<\/span><\/b><\/p>\n<p>Pertencem ao\u00a0site Andr\u00e9 Fran\u00e7ois<\/p>\n<ul>\n<li>Todo e qualquer software, aplicativo ou funcionalidade empregado referentes ao Site<span class=\"Apple-converted-space\">\u00a0<\/span><\/li>\n<li>A identidade visual do Site e, incluindo o projeto de arte gr\u00e1fico-visual de quaisquer de suas p\u00e1ginas;<span class=\"Apple-converted-space\">\u00a0<\/span><\/li>\n<li>Marca, nome de dom\u00ednio, servi\u00e7os, projetos, ou qualquer sinal distintivo de sua titularidade inserido no Site;<\/li>\n<li>Todo e qualquer conte\u00fado criado e produzido e\/ou por terceiros, incluindo imagens, textos, v\u00eddeos, \u00e1udios e metadados relacionados n\u00e3o poder\u00e3o ser usados, sob qualquer meio ou forma, pelos Usu\u00e1rios.<span class=\"Apple-converted-space\">\u00a0<\/span><\/li>\n<\/ul>\n<p>A toler\u00e2ncia quanto ao eventual descumprimento de quaisquer das disposi\u00e7\u00f5es destes Termos de Uso por qualquer Usu\u00e1rio n\u00e3o constituir\u00e1 ren\u00fancia ao direito de exigir o cumprimento da obriga\u00e7\u00e3o, nem perd\u00e3o, nem altera\u00e7\u00e3o do que consta aqui previsto.<span class=\"Apple-converted-space\">\u00a0<\/span><\/p>\n<p><b>ALTERA\u00c7\u00d5ES DO ACESSO E DOS TERMOS DE USO<\/b>:<span class=\"Apple-converted-space\">\u00a0<\/span><\/p>\n<p>A qualquer tempo, a seu exclusivo crit\u00e9rio e sem necessidade de qualquer aviso pr\u00e9vio ou posterior a qualquer Usu\u00e1rio ou terceiros, poder\u00e1: <span class=\"Apple-converted-space\">\u00a0<\/span><\/p>\n<ul>\n<li>suspender, cancelar ou interromper o acesso ao Site;<span class=\"Apple-converted-space\">\u00a0<\/span><\/li>\n<li>remover, alterar e\/ou atualizar no todo ou em parte o Site <span class=\"Apple-converted-space\">\u00a0<\/span><\/li>\n<\/ul>\n<p>O site Andr\u00e9 Fran\u00e7ois se reserva o direito de alterar e\/ou modificar estes Termos de Uso a qualquer momento, de maneira unilateral, comprometendo-se a prontamente atualizar o Site com a nova vers\u00e3o atualizada.<span class=\"Apple-converted-space\">\u00a0<\/span><\/p>\n<p><b>LEGISLA\u00c7\u00c3O E FORO<\/b>:<\/p>\n<p>A presente Pol\u00edtica de Privacidade e Condi\u00e7\u00f5es de Uso \u00e9 regida de acordo com a legisla\u00e7\u00e3o brasileira.<span class=\"Apple-converted-space\">\u00a0<\/span><\/p>\n<p>O Usu\u00e1rio, ao acessar o Site consente, expressamente, com a compet\u00eancia deste ju\u00edzo, e renuncia, neste ato, \u00e0 compet\u00eancia de qualquer outro foro, por mais privilegiado que seja ou venha a ser.<span class=\"Apple-converted-space\">\u00a0<\/span><\/p>\n<p><strong>Atualizada em 06 de Outubro de 2021.<\/strong> <\/div><div class=\"clear\"><\/div><\/div>[vc_column_text]\n<div class=\"cli_pg_page_contaner\">\n<div>\u00a0<div class=\"cli_user_consent_state\">Your current state: No consent given. <a class=\"cli_manage_current_consent\" style=\"cursor:pointer;text-decoration:underline;\">Manage your consent.<\/a> <\/div><\/div>\n<\/div>\n[\/vc_column_text][\/vc_column][\/vc_row]\n","protected":false},"excerpt":{"rendered":"<p>[vc_row type=&#8221;in_container&#8221; full_screen_row_position=&#8221;middle&#8221; column_margin=&#8221;default&#8221; column_direction=&#8221;default&#8221; column_direction_tablet=&#8221;default&#8221; column_direction_phone=&#8221;default&#8221; scene_position=&#8221;center&#8221; text_color=&#8221;dark&#8221; text_align=&#8221;left&#8221; row_border_radius=&#8221;none&#8221; row_border_radius_applies=&#8221;bg&#8221; overflow=&#8221;visible&#8221; overlay_strength=&#8221;0.3&#8243; gradient_direction=&#8221;left_to_right&#8221; shape_divider_position=&#8221;bottom&#8221; bg_image_animation=&#8221;none&#8221;][vc_column column_padding=&#8221;no-extra-padding&#8221; column_padding_tablet=&#8221;inherit&#8221; column_padding_phone=&#8221;inherit&#8221; column_padding_position=&#8221;all&#8221; column_element_spacing=&#8221;default&#8221; background_color_opacity=&#8221;1&#8243; background_hover_color_opacity=&#8221;1&#8243; column_shadow=&#8221;none&#8221; column_border_radius=&#8221;none&#8221; column_link_target=&#8221;_self&#8221; column_position=&#8221;default&#8221; gradient_direction=&#8221;left_to_right&#8221; overlay_strength=&#8221;0.3&#8243;&#8230;<\/p>\n","protected":false},"author":2,"featured_media":0,"parent":0,"menu_order":0,"comment_status":"closed","ping_status":"closed","template":"","meta":{"footnotes":""},"class_list":["post-9904","page","type-page","status-publish"],"yoast_head":"<!-- This site is optimized with the Yoast SEO plugin v22.4 - https:\/\/yoast.com\/wordpress\/plugins\/seo\/ -->\n<title>Termos de Uso - Andr\u00e9 Fran\u00e7ois<\/title>\n<meta name=\"robots\" content=\"index, follow, max-snippet:-1, max-image-preview:large, max-video-preview:-1\" \/>\n<link rel=\"canonical\" href=\"https:\/\/andrefrancois.com.br\/termos-uso\/\" \/>\n<meta property=\"og:locale\" content=\"en_US\" \/>\n<meta property=\"og:locale:alternate\" content=\"pt_BR\" \/>\n<meta property=\"og:type\" content=\"article\" \/>\n<meta property=\"og:title\" content=\"Termos de Uso\" \/>\n<meta property=\"og:description\" content=\"[vc_row type=&#8221;in_container&#8221; full_screen_row_position=&#8221;middle&#8221; column_margin=&#8221;default&#8221; column_direction=&#8221;default&#8221; column_direction_tablet=&#8221;default&#8221; column_direction_phone=&#8221;default&#8221; scene_position=&#8221;center&#8221; text_color=&#8221;dark&#8221; text_align=&#8221;left&#8221; row_border_radius=&#8221;none&#8221; row_border_radius_applies=&#8221;bg&#8221; overflow=&#8221;visible&#8221; overlay_strength=&#8221;0.3&#8243; gradient_direction=&#8221;left_to_right&#8221; shape_divider_position=&#8221;bottom&#8221; bg_image_animation=&#8221;none&#8221;][vc_column column_padding=&#8221;no-extra-padding&#8221; column_padding_tablet=&#8221;inherit&#8221; column_padding_phone=&#8221;inherit&#8221; column_padding_position=&#8221;all&#8221; column_element_spacing=&#8221;default&#8221; background_color_opacity=&#8221;1&#8243; background_hover_color_opacity=&#8221;1&#8243; column_shadow=&#8221;none&#8221; column_border_radius=&#8221;none&#8221; column_link_target=&#8221;_self&#8221; column_position=&#8221;default&#8221; gradient_direction=&#8221;left_to_right&#8221; overlay_strength=&#8221;0.3&#8243;...\" \/>\n<meta property=\"og:url\" content=\"https:\/\/andrefrancois.com.br\/en\/termos-uso\/\" \/>\n<meta property=\"og:site_name\" content=\"Andr\u00e9 Fran\u00e7ois\" \/>\n<meta property=\"article:modified_time\" content=\"2021-12-21T13:46:41+00:00\" \/>\n<meta name=\"twitter:card\" content=\"summary_large_image\" \/>\n<meta name=\"twitter:label1\" content=\"Est. reading time\" \/>\n\t<meta name=\"twitter:data1\" content=\"4 minutes\" \/>\n<script type=\"application\/ld+json\" class=\"yoast-schema-graph\">{\"@context\":\"https:\/\/schema.org\",\"@graph\":[{\"@type\":\"WebPage\",\"@id\":\"https:\/\/andrefrancois.com.br\/termos-uso\/\",\"url\":\"https:\/\/andrefrancois.com.br\/termos-uso\/\",\"name\":\"[:pt]Termos de Uso[:] - Andr\u00e9 Fran\u00e7ois\",\"isPartOf\":{\"@id\":\"https:\/\/andrefrancois.com.br\/#website\"},\"datePublished\":\"2021-10-02T01:05:08+00:00\",\"dateModified\":\"2021-12-21T13:46:41+00:00\",\"breadcrumb\":{\"@id\":\"https:\/\/andrefrancois.com.br\/termos-uso\/#breadcrumb\"},\"inLanguage\":\"en-US\",\"potentialAction\":[{\"@type\":\"ReadAction\",\"target\":[\"https:\/\/andrefrancois.com.br\/termos-uso\/\"]}]},{\"@type\":\"BreadcrumbList\",\"@id\":\"https:\/\/andrefrancois.com.br\/termos-uso\/#breadcrumb\",\"itemListElement\":[{\"@type\":\"ListItem\",\"position\":1,\"name\":\"In\u00edcio\",\"item\":\"https:\/\/andrefrancois.com.br\/\"},{\"@type\":\"ListItem\",\"position\":2,\"name\":\"Termos de Uso\"}]},{\"@type\":\"WebSite\",\"@id\":\"https:\/\/andrefrancois.com.br\/#website\",\"url\":\"https:\/\/andrefrancois.com.br\/\",\"name\":\"Andr\u00e9 Fran\u00e7ois\",\"description\":\"Andr\u00e9 Fran\u00e7ois\",\"potentialAction\":[{\"@type\":\"SearchAction\",\"target\":{\"@type\":\"EntryPoint\",\"urlTemplate\":\"https:\/\/andrefrancois.com.br\/?s={search_term_string}\"},\"query-input\":\"required name=search_term_string\"}],\"inLanguage\":\"en-US\"}]}<\/script>\n<!-- \/ Yoast SEO plugin. -->","yoast_head_json":{"title":"Termos de Uso - Andr\u00e9 Fran\u00e7ois","robots":{"index":"index","follow":"follow","max-snippet":"max-snippet:-1","max-image-preview":"max-image-preview:large","max-video-preview":"max-video-preview:-1"},"canonical":"https:\/\/andrefrancois.com.br\/termos-uso\/","og_locale":"en_US","og_type":"article","og_title":"[:pt]Termos de Uso[:] - Andr\u00e9 Fran\u00e7ois","og_description":"[vc_row type=&#8221;in_container&#8221; full_screen_row_position=&#8221;middle&#8221; column_margin=&#8221;default&#8221; column_direction=&#8221;default&#8221; column_direction_tablet=&#8221;default&#8221; column_direction_phone=&#8221;default&#8221; scene_position=&#8221;center&#8221; text_color=&#8221;dark&#8221; text_align=&#8221;left&#8221; row_border_radius=&#8221;none&#8221; row_border_radius_applies=&#8221;bg&#8221; overflow=&#8221;visible&#8221; overlay_strength=&#8221;0.3&#8243; gradient_direction=&#8221;left_to_right&#8221; shape_divider_position=&#8221;bottom&#8221; bg_image_animation=&#8221;none&#8221;][vc_column column_padding=&#8221;no-extra-padding&#8221; column_padding_tablet=&#8221;inherit&#8221; column_padding_phone=&#8221;inherit&#8221; column_padding_position=&#8221;all&#8221; column_element_spacing=&#8221;default&#8221; background_color_opacity=&#8221;1&#8243; background_hover_color_opacity=&#8221;1&#8243; column_shadow=&#8221;none&#8221; column_border_radius=&#8221;none&#8221; column_link_target=&#8221;_self&#8221; column_position=&#8221;default&#8221; gradient_direction=&#8221;left_to_right&#8221; overlay_strength=&#8221;0.3&#8243;...","og_url":"https:\/\/andrefrancois.com.br\/en\/termos-uso\/","og_site_name":"Andr\u00e9 Fran\u00e7ois","article_modified_time":"2021-12-21T13:46:41+00:00","twitter_card":"summary_large_image","twitter_misc":{"Est. reading time":"4 minutes"},"schema":{"@context":"https:\/\/schema.org","@graph":[{"@type":"WebPage","@id":"https:\/\/andrefrancois.com.br\/termos-uso\/","url":"https:\/\/andrefrancois.com.br\/termos-uso\/","name":"[:pt]Termos de Uso[:] - Andr\u00e9 Fran\u00e7ois","isPartOf":{"@id":"https:\/\/andrefrancois.com.br\/#website"},"datePublished":"2021-10-02T01:05:08+00:00","dateModified":"2021-12-21T13:46:41+00:00","breadcrumb":{"@id":"https:\/\/andrefrancois.com.br\/termos-uso\/#breadcrumb"},"inLanguage":"en-US","potentialAction":[{"@type":"ReadAction","target":["https:\/\/andrefrancois.com.br\/termos-uso\/"]}]},{"@type":"BreadcrumbList","@id":"https:\/\/andrefrancois.com.br\/termos-uso\/#breadcrumb","itemListElement":[{"@type":"ListItem","position":1,"name":"In\u00edcio","item":"https:\/\/andrefrancois.com.br\/"},{"@type":"ListItem","position":2,"name":"Termos de Uso"}]},{"@type":"WebSite","@id":"https:\/\/andrefrancois.com.br\/#website","url":"https:\/\/andrefrancois.com.br\/","name":"Andr\u00e9 Fran\u00e7ois","description":"Andr\u00e9 Fran\u00e7ois","potentialAction":[{"@type":"SearchAction","target":{"@type":"EntryPoint","urlTemplate":"https:\/\/andrefrancois.com.br\/?s={search_term_string}"},"query-input":"required name=search_term_string"}],"inLanguage":"en-US"}]}},"_links":{"self":[{"href":"https:\/\/andrefrancois.com.br\/en\/wp-json\/wp\/v2\/pages\/9904","targetHints":{"allow":["GET"]}}],"collection":[{"href":"https:\/\/andrefrancois.com.br\/en\/wp-json\/wp\/v2\/pages"}],"about":[{"href":"https:\/\/andrefrancois.com.br\/en\/wp-json\/wp\/v2\/types\/page"}],"author":[{"embeddable":true,"href":"https:\/\/andrefrancois.com.br\/en\/wp-json\/wp\/v2\/users\/2"}],"replies":[{"embeddable":true,"href":"https:\/\/andrefrancois.com.br\/en\/wp-json\/wp\/v2\/comments?post=9904"}],"version-history":[{"count":0,"href":"https:\/\/andrefrancois.com.br\/en\/wp-json\/wp\/v2\/pages\/9904\/revisions"}],"wp:attachment":[{"href":"https:\/\/andrefrancois.com.br\/en\/wp-json\/wp\/v2\/media?parent=9904"}],"curies":[{"name":"wp","href":"https:\/\/api.w.org\/{rel}","templated":true}]}}